{"id":44358,"date":"2024-08-07T12:48:17","date_gmt":"2024-08-07T12:48:17","guid":{"rendered":"https:\/\/insfleet.de\/?page_id=44358"},"modified":"2025-01-22T10:58:26","modified_gmt":"2025-01-22T10:58:26","slug":"faq","status":"publish","type":"page","link":"https:\/\/insfleet.de\/en\/faq\/","title":{"rendered":"FAQ"},"content":{"rendered":"<div data-elementor-type=\"wp-page\" data-elementor-id=\"44358\" class=\"elementor elementor-44358\" data-elementor-post-type=\"page\">\n\t\t\t\t\t\t<section class=\"elementor-section elementor-top-section elementor-element elementor-element-65bd3a6a elementor-section-content-middle elementor-section-stretched elementor-section-boxed elementor-section-height-default elementor-section-height-default\" data-id=\"65bd3a6a\" data-element_type=\"section\" data-settings=\"{&quot;stretch_section&quot;:&quot;section-stretched&quot;,&quot;background_background&quot;:&quot;classic&quot;}\">\n\t\t\t\t\t\t\t<div class=\"elementor-background-overlay\"><\/div>\n\t\t\t\t\t\t\t<div class=\"elementor-container elementor-column-gap-default\">\n\t\t\t\t\t<div class=\"elementor-column elementor-col-100 elementor-top-column elementor-element elementor-element-e2e564b\" data-id=\"e2e564b\" data-element_type=\"column\">\n\t\t\t<div class=\"elementor-widget-wrap elementor-element-populated\">\n\t\t\t\t\t\t<section class=\"elementor-section elementor-inner-section elementor-element elementor-element-719f2a60 elementor-section-boxed elementor-section-height-default elementor-section-height-default\" data-id=\"719f2a60\" data-element_type=\"section\" data-settings=\"{&quot;background_background&quot;:&quot;classic&quot;}\">\n\t\t\t\t\t\t<div class=\"elementor-container elementor-column-gap-wide\">\n\t\t\t\t\t<div class=\"elementor-column elementor-col-100 elementor-inner-column elementor-element elementor-element-528209f6\" data-id=\"528209f6\" data-element_type=\"column\">\n\t\t\t<div class=\"elementor-widget-wrap elementor-element-populated\">\n\t\t\t\t\t\t<div class=\"elementor-element elementor-element-34f9096a elementor-widget elementor-widget-heading\" data-id=\"34f9096a\" data-element_type=\"widget\" data-widget_type=\"heading.default\">\n\t\t\t\t<div class=\"elementor-widget-container\">\n\t\t\t\t\t<h2 class=\"elementor-heading-title elementor-size-default\">FAQ<\/h2>\t\t\t\t<\/div>\n\t\t\t\t<\/div>\n\t\t\t\t<div class=\"elementor-element elementor-element-113aabc cea-btn-align-left elementor-widget elementor-widget-ceabutton\" data-id=\"113aabc\" data-element_type=\"widget\" data-widget_type=\"ceabutton.default\">\n\t\t\t\t<div class=\"elementor-widget-container cea-button-wrapper\">\r\n\t\t\t\t\t<div class=\"cea-button-wrapper\">\r\n\t\t\t<a href=\"\/en\/contact\/\" class=\"cea-button-link elementor-button cea-button elementor-size-sm\">\r\n\t\t\t\t\t\t<span class=\"cea-button-content-wrapper\">\r\n\t\t\t\t\t\t<span class=\"cea-button-icon cea-align-icon-\">\r\n\t\t\t\t\t\t\t<\/span>\r\n\t\t\t\t\t\t<span class=\"cea-button-text\">REQUEST AN OFFER<\/span>\r\n\t\t<\/span>\r\n\t\t\t\t\t<\/a>\r\n\t\t<\/div>\r\n\t\t\t\t<\/div>\r\n\t\t\t\t<\/div>\n\t\t\t\t\t<\/div>\n\t\t<\/div>\n\t\t\t\t\t<\/div>\n\t\t<\/section>\n\t\t\t\t\t<\/div>\n\t\t<\/div>\n\t\t\t\t\t<\/div>\n\t\t<\/section>\n\t\t<div class=\"elementor-element elementor-element-2537b980 e-grid e-con-boxed e-con e-parent\" data-id=\"2537b980\" data-element_type=\"container\">\n\t\t\t\t\t<div class=\"e-con-inner\">\n\t\t\t\t<div class=\"elementor-element elementor-element-6382cf87 cea-align-left cea-mobile-align-center cea-separator-type-normal elementor-widget elementor-widget-ceasectiontitle\" data-id=\"6382cf87\" data-element_type=\"widget\" data-widget_type=\"ceasectiontitle.default\">\n\t\t\t\t<div class=\"elementor-widget-container\">\n\t\t\t\t\t<div class=\"section-title-wrapper\"><div class=\"title-wrap\"><h3 class=\"section-title\"><span class=\"title-prefix\">Frequently asked questions<\/span> <\/h3><div class=\"elementor-divider\"><span class=\"elementor-divider-separator\"><\/span><\/div><\/div><!-- .title-wrap --><div class=\"section-description\"><\/div><!-- .section-description --><\/div><!-- .section-title-wrapper -->\t\t\t\t<\/div>\n\t\t\t\t<\/div>\n\t\t\t\t<div class=\"elementor-element elementor-element-614e61e elementor-widget elementor-widget-ceaaccordion\" data-id=\"614e61e\" data-element_type=\"widget\" data-widget_type=\"ceaaccordion.default\">\n\t\t\t\t\r\n\t\t<div class=\"elementor-widget-container cea-accordion-elementor-widget\" data-toggle=\"1\">\r\n\t\t\t<div class=\"cea-accordions\" id=\"cea-accordion-1\"><div class=\"card cea-accordion\"><div class=\"card-header cea-accordion-header\"><a class=\"nav-item nav-link active\" href=\"#cea-accordion-1-1\"><span class=\"elementor-accordion-icon elementor-accordion-icon-left\" aria-hidden=\"true\"><span class=\"cea-accordion-icon-closed\"><i class=\"ti-plus\"><\/i><\/span><span class=\"cea-accordion-icon-opened\"><i class=\"ti-minus\"><\/i><\/span><\/span>PURCHASE<\/a><\/div><!-- .card-header --><div class=\"cea-accordion-content active\" id=\"cea-accordion-1-1\"><div class=\"card-body\"><div class=\"cea-accordion-pane\"><p><b>What is the minimum contract period?<br \/><\/b>The minimum contract period is 24 months.<\/p><p><b>Is the roaming subscription paid separately?<br \/><\/b>Data transmission for any country is included in the monthly subscription.<\/p><\/div><\/div><!-- .card-body --><\/div><!-- .cea-accordion-content --><\/div><!-- .card --><div class=\"card cea-accordion\"><div class=\"card-header cea-accordion-header\"><a class=\"nav-item nav-link\" href=\"#cea-accordion-1-2\"><span class=\"elementor-accordion-icon elementor-accordion-icon-left\" aria-hidden=\"true\"><span class=\"cea-accordion-icon-closed\"><i class=\"ti-plus\"><\/i><\/span><span class=\"cea-accordion-icon-opened\"><i class=\"ti-minus\"><\/i><\/span><\/span>INS FLEET PORTAL APP<\/a><\/div><!-- .card-header --><div class=\"cea-accordion-content\" id=\"cea-accordion-1-2\"><div class=\"card-body\"><div class=\"cea-accordion-pane\"><p><b>How many users can I add into the app?<\/b><\/p><p>The basic package allows for only 2 users, while the other packages offer unlimited users.<\/p><p><b>Can I create an user in the app for one of my clients?<br \/><\/b>Yes, there are a number of options in which you can share the vehicle\u2019s current position with a third party.<\/p><ol><li>You can create an user in the app and set limited user rights, depending on what you want to share with him.<\/li><li>You can generate a temporary link which shows the vehicle\u2019s trajectory; the link will be available for any time period you want.<\/li><\/ol><p>ou can offer to another INS Fleet customer view only access to all the vehicles and all the reports of your company through the extended visibilities option.<\/p><p><b>How do I activate roaming service?<br \/><\/b>The roaming service is activated by using the devices menu, where you should select the devices for which you want the roaming service to be activated and then you should click on \u201cRequest roaming\u201d and select the desired period of time.<\/p><p><b>Do you have a smartphone app?<br \/><\/b>Yes, as a INS Fleet client you can download for free the fliGO app from the <a href=\"https:\/\/itunes.apple.com\/ro\/app\/fligo-vehicle-tracking-by\/id922914610\" rel=\"nofollow noopener\" target=\"_blank\">AppStore<\/a> or <a href=\"https:\/\/play.google.com\/store\/apps\/details?id=eu.safefleet.fligo&amp;hl=en\" rel=\"nofollow noopener\" target=\"_blank\">Google Play<\/a> .<br \/>You can find more details of what our fliGO app can offer on our official <a href=\"http:\/\/fligo.eu\/\" rel=\"nofollow noopener\" target=\"_blank\">fliGO site.<\/a>.<\/p><\/div><\/div><!-- .card-body --><\/div><!-- .cea-accordion-content --><\/div><!-- .card --><div class=\"card cea-accordion\"><div class=\"card-header cea-accordion-header\"><a class=\"nav-item nav-link\" href=\"#cea-accordion-1-3\"><span class=\"elementor-accordion-icon elementor-accordion-icon-left\" aria-hidden=\"true\"><span class=\"cea-accordion-icon-closed\"><i class=\"ti-plus\"><\/i><\/span><span class=\"cea-accordion-icon-opened\"><i class=\"ti-minus\"><\/i><\/span><\/span> INSTALLATION, SERVICE AND TECHNICAL SUPPORT<\/a><\/div><!-- .card-header --><div class=\"cea-accordion-content\" id=\"cea-accordion-1-3\"><div class=\"card-body\"><div class=\"cea-accordion-pane\"><p><b>What is the warranty of the GPS devices?<br \/><\/b>The warranty is 24 months.<\/p><p><b>Where is the installation made?<br \/><\/b>Installation can be made in our service point partners across Europe or even by the customer itself, with self-install.<\/p><p><b>Does the device installation alter the vehicle\u2019s warranty?<br \/><\/b>No, the installation does not affect the vehicle\u2019s warranty.<\/p><p><b>Can I make my own installation through self-install?<\/b><br \/>Yes, any client can make his own installation through self-install.<\/p><p><b>What kind of service operations do you make?<br \/><\/b>Installation and uninstallation of GPS devices and fuel sensors<br \/>Moving the GPS device from one vehicle to another<br \/>Replacement of fuel sensor<br \/>SIM card change<br \/>ther service operations.<\/p><p><b>What service operations have to be paid?<br \/><\/b>The service operations made outside the warranty have to be paid: installations, uninstallations, remounting and moving the GPS device from one vehicle to another. SIM card reactivation is paid regardless of the warranty period.<\/p><p><b>Do you have a support department? What is its schedule?<br \/><\/b>Yes, we do have a technical support department who gives a prompt answer to any client request made through INS Fleet Portal app. You can also send your request via email at unterstutzung@insfleet.de<\/p><p>You can call technical support from Monday to Friday, from 09.00 to 17.00, at the phone number +49 176 24325649<\/p><\/div><\/div><!-- .card-body --><\/div><!-- .cea-accordion-content --><\/div><!-- .card --><\/div>\t\t\t\r\n\t\t<\/div>\r\n\t\t\t\t<\/div>\n\t\t\t\t\t<\/div>\n\t\t\t\t<\/div>\n\t\t\t\t<\/div>","protected":false},"excerpt":{"rendered":"<p>FAQ REQUEST AN OFFER H\u00e4ufig gestellte Fragen KAUF Was ist die Mindestvertragslaufzeit?Die Mindestvertragslaufzeit betr\u00e4gt 24 Monate. Wird das Roaming-Abonnement separat bezahlt?Die Daten\u00fcbertragung f\u00fcr jedes Land ist in..<\/p>","protected":false},"author":3,"featured_media":0,"parent":0,"menu_order":0,"comment_status":"closed","ping_status":"closed","template":"","meta":{"nf_dc_page":"","footnotes":""},"class_list":["post-44358","page","type-page","status-publish","hentry"],"_links":{"self":[{"href":"https:\/\/insfleet.de\/en\/wp-json\/wp\/v2\/pages\/44358","targetHints":{"allow":["GET"]}}],"collection":[{"href":"https:\/\/insfleet.de\/en\/wp-json\/wp\/v2\/pages"}],"about":[{"href":"https:\/\/insfleet.de\/en\/wp-json\/wp\/v2\/types\/page"}],"author":[{"embeddable":true,"href":"https:\/\/insfleet.de\/en\/wp-json\/wp\/v2\/users\/3"}],"replies":[{"embeddable":true,"href":"https:\/\/insfleet.de\/en\/wp-json\/wp\/v2\/comments?post=44358"}],"version-history":[{"count":43,"href":"https:\/\/insfleet.de\/en\/wp-json\/wp\/v2\/pages\/44358\/revisions"}],"predecessor-version":[{"id":46807,"href":"https:\/\/insfleet.de\/en\/wp-json\/wp\/v2\/pages\/44358\/revisions\/46807"}],"wp:attachment":[{"href":"https:\/\/insfleet.de\/en\/wp-json\/wp\/v2\/media?parent=44358"}],"curies":[{"name":"wp","href":"https:\/\/api.w.org\/{rel}","templated":true}]}}