{"id":44264,"date":"2024-07-31T11:37:09","date_gmt":"2024-07-31T11:37:09","guid":{"rendered":"https:\/\/insfleet.de\/?page_id=44264"},"modified":"2025-01-22T12:53:36","modified_gmt":"2025-01-22T12:53:36","slug":"advanced-features","status":"publish","type":"page","link":"https:\/\/insfleet.de\/en\/advanced-features\/","title":{"rendered":"Advanced features"},"content":{"rendered":"<div data-elementor-type=\"wp-page\" data-elementor-id=\"44264\" class=\"elementor elementor-44264\" data-elementor-post-type=\"page\">\n\t\t\t\t\t\t<section class=\"elementor-section elementor-top-section elementor-element elementor-element-3a657eee elementor-section-content-middle elementor-section-stretched elementor-section-boxed elementor-section-height-default elementor-section-height-default\" data-id=\"3a657eee\" data-element_type=\"section\" data-settings=\"{&quot;stretch_section&quot;:&quot;section-stretched&quot;,&quot;background_background&quot;:&quot;classic&quot;}\">\n\t\t\t\t\t\t\t<div class=\"elementor-background-overlay\"><\/div>\n\t\t\t\t\t\t\t<div class=\"elementor-container elementor-column-gap-default\">\n\t\t\t\t\t<div class=\"elementor-column elementor-col-100 elementor-top-column elementor-element elementor-element-716ef3c6\" data-id=\"716ef3c6\" data-element_type=\"column\">\n\t\t\t<div class=\"elementor-widget-wrap elementor-element-populated\">\n\t\t\t\t\t\t<section class=\"elementor-section elementor-inner-section elementor-element elementor-element-9b399c2 elementor-section-boxed elementor-section-height-default elementor-section-height-default\" data-id=\"9b399c2\" data-element_type=\"section\" data-settings=\"{&quot;background_background&quot;:&quot;classic&quot;}\">\n\t\t\t\t\t\t<div class=\"elementor-container elementor-column-gap-wide\">\n\t\t\t\t\t<div class=\"elementor-column elementor-col-100 elementor-inner-column elementor-element elementor-element-41b0947d\" data-id=\"41b0947d\" data-element_type=\"column\">\n\t\t\t<div class=\"elementor-widget-wrap elementor-element-populated\">\n\t\t\t\t\t\t<div class=\"elementor-element elementor-element-7de65b2c elementor-widget elementor-widget-heading\" data-id=\"7de65b2c\" data-element_type=\"widget\" data-widget_type=\"heading.default\">\n\t\t\t\t<div class=\"elementor-widget-container\">\n\t\t\t\t\t<h2 class=\"elementor-heading-title elementor-size-default\">Advanced features<\/h2>\t\t\t\t<\/div>\n\t\t\t\t<\/div>\n\t\t\t\t<div class=\"elementor-element elementor-element-70ed6e88 elementor-widget__width-initial elementor-widget-tablet__width-inherit elementor-widget elementor-widget-text-editor\" data-id=\"70ed6e88\" data-element_type=\"widget\" data-widget_type=\"text-editor.default\">\n\t\t\t\t<div class=\"elementor-widget-container\">\n\t\t\t\t\t\t\t\t\t<p><strong>INS Fleet is a fleet management software created to offer you a full picture of the activities you perform. Through the advanced functions, INS Fleet offers you the possibility to handle in real time the equipment, the employees and the resources.<\/strong><\/p>\t\t\t\t\t\t\t\t<\/div>\n\t\t\t\t<\/div>\n\t\t\t\t<div class=\"elementor-element elementor-element-6fbe26c5 cea-btn-align-left elementor-widget elementor-widget-ceabutton\" data-id=\"6fbe26c5\" data-element_type=\"widget\" data-widget_type=\"ceabutton.default\">\n\t\t\t\t<div class=\"elementor-widget-container cea-button-wrapper\">\r\n\t\t\t\t\t<div class=\"cea-button-wrapper\">\r\n\t\t\t<a href=\"\/en\/contact\/\" class=\"cea-button-link elementor-button cea-button elementor-size-sm\">\r\n\t\t\t\t\t\t<span class=\"cea-button-content-wrapper\">\r\n\t\t\t\t\t\t<span class=\"cea-button-icon cea-align-icon-\">\r\n\t\t\t\t\t\t\t<\/span>\r\n\t\t\t\t\t\t<span class=\"cea-button-text\">REQUEST AN OFFER <\/span>\r\n\t\t<\/span>\r\n\t\t\t\t\t<\/a>\r\n\t\t<\/div>\r\n\t\t\t\t<\/div>\r\n\t\t\t\t<\/div>\n\t\t\t\t\t<\/div>\n\t\t<\/div>\n\t\t\t\t\t<\/div>\n\t\t<\/section>\n\t\t\t\t\t<\/div>\n\t\t<\/div>\n\t\t\t\t\t<\/div>\n\t\t<\/section>\n\t\t<div class=\"elementor-element elementor-element-55cf3f27 e-grid e-con-boxed e-con e-parent\" data-id=\"55cf3f27\" data-element_type=\"container\">\n\t\t\t\t\t<div class=\"e-con-inner\">\n\t\t\t\t<div class=\"elementor-element elementor-element-579db4a2 cea-align-left cea-mobile-align-center cea-separator-type-normal elementor-widget elementor-widget-ceasectiontitle\" data-id=\"579db4a2\" data-element_type=\"widget\" data-widget_type=\"ceasectiontitle.default\">\n\t\t\t\t<div class=\"elementor-widget-container\">\n\t\t\t\t\t<div class=\"section-title-wrapper\"><div class=\"title-wrap\"><h3 class=\"section-title\"><span class=\"title-prefix\">Explore Our<\/span> Advanced features<\/h3><div class=\"elementor-divider\"><span class=\"elementor-divider-separator\"><\/span><\/div><\/div><!-- .title-wrap --><div class=\"section-description\"><\/div><!-- .section-description --><\/div><!-- .section-title-wrapper -->\t\t\t\t<\/div>\n\t\t\t\t<\/div>\n\t\t\t\t<div class=\"elementor-element elementor-element-41448270 elementor-widget elementor-widget-text-editor\" data-id=\"41448270\" data-element_type=\"widget\" data-widget_type=\"text-editor.default\">\n\t\t\t\t<div class=\"elementor-widget-container\">\n\t\t\t\t\t\t\t\t\tWe take into account the specificities of each industry or company, therefore INS Fleet provides various functions based on the use of sensors, but also additional options for improving the fleet management.\t\t\t\t\t\t\t\t<\/div>\n\t\t\t\t<\/div>\n\t\t\t\t\t<\/div>\n\t\t\t\t<\/div>\n\t\t\t\t<section class=\"elementor-section elementor-top-section elementor-element elementor-element-3f475d68 elementor-section-content-middle elementor-section-stretched elementor-section-boxed elementor-section-height-default elementor-section-height-default\" data-id=\"3f475d68\" data-element_type=\"section\" data-settings=\"{&quot;stretch_section&quot;:&quot;section-stretched&quot;,&quot;background_background&quot;:&quot;classic&quot;}\">\n\t\t\t\t\t\t\t<div class=\"elementor-background-overlay\"><\/div>\n\t\t\t\t\t\t\t<div class=\"elementor-container elementor-column-gap-no\">\n\t\t\t\t\t<div class=\"elementor-column elementor-col-100 elementor-top-column elementor-element elementor-element-5f473171\" data-id=\"5f473171\" data-element_type=\"column\">\n\t\t\t<div class=\"elementor-widget-wrap elementor-element-populated\">\n\t\t\t\t\t\t<section class=\"elementor-section elementor-inner-section elementor-element elementor-element-6300a8a2 elementor-section-boxed elementor-section-height-default elementor-section-height-default\" data-id=\"6300a8a2\" data-element_type=\"section\" data-settings=\"{&quot;background_background&quot;:&quot;classic&quot;}\">\n\t\t\t\t\t\t<div class=\"elementor-container elementor-column-gap-wide\">\n\t\t\t\t\t<div class=\"elementor-column elementor-col-50 elementor-inner-column elementor-element elementor-element-3dccd4a8\" data-id=\"3dccd4a8\" data-element_type=\"column\">\n\t\t\t<div class=\"elementor-widget-wrap elementor-element-populated\">\n\t\t\t\t\t\t<div class=\"elementor-element elementor-element-73497a2f cea-view-default elementor-invisible elementor-widget elementor-widget-ceafeaturebox\" data-id=\"73497a2f\" data-element_type=\"widget\" data-settings=\"{&quot;_animation&quot;:&quot;fadeInUp&quot;}\" data-widget_type=\"ceafeaturebox.default\">\n\t\t\t\t<div class=\"elementor-widget-container feature-box-wrapper feature-box-default\">\n\t\t\t<div class=\"media\"><div class=\"media-icon-part\"><div class=\"cea-featured-icon\"><i aria-hidden=\"true\" class=\"ti ti-location-pin\"><\/i><\/div><\/div><div class=\"media-body\"><h4 class=\"feature-box-title\">The fliGo App<\/h4><div class=\"fbox-content\">fliGO is an app for iOS and Android developed by ins Fleet, which allows the tracking of the vehicle directly from the mobile phone. This app allows GPS-based monitoring, sending of alerts in real time and helps in improving the driving style and avoiding thefts.<\/div><\/div><!-- .media-body --><\/div><!-- .media -->\t\t<\/div>\n\t\t\t\t<\/div>\n\t\t\t\t<div class=\"elementor-element elementor-element-be8c15f elementor-widget elementor-widget-image\" data-id=\"be8c15f\" data-element_type=\"widget\" data-widget_type=\"image.default\">\n\t\t\t\t<div class=\"elementor-widget-container\">\n\t\t\t\t\t\t\t\t\t\t\t\t\t\t\t\t<a href=\"https:\/\/insfleet.de\/wp-content\/uploads\/2025\/01\/The-fliGo-app.png\" data-elementor-open-lightbox=\"yes\" data-elementor-lightbox-title=\"The-fliGo-app\" data-e-action-hash=\"#elementor-action%3Aaction%3Dlightbox%26settings%3DeyJpZCI6NDY4NzEsInVybCI6Imh0dHBzOlwvXC9pbnNmbGVldC5kZVwvd3AtY29udGVudFwvdXBsb2Fkc1wvMjAyNVwvMDFcL1RoZS1mbGlHby1hcHAucG5nIn0%3D\">\n\t\t\t\t\t\t\t<img loading=\"lazy\" decoding=\"async\" width=\"764\" height=\"459\" src=\"https:\/\/insfleet.de\/wp-content\/uploads\/2025\/01\/The-fliGo-app.png\" class=\"attachment-full size-full wp-image-46871\" alt=\"\" srcset=\"https:\/\/insfleet.de\/wp-content\/uploads\/2025\/01\/The-fliGo-app.png 764w, https:\/\/insfleet.de\/wp-content\/uploads\/2025\/01\/The-fliGo-app-18x12.png 18w\" sizes=\"auto, (max-width: 764px) 100vw, 764px\" \/>\t\t\t\t\t\t\t\t<\/a>\n\t\t\t\t\t\t\t\t\t\t\t\t\t\t\t<\/div>\n\t\t\t\t<\/div>\n\t\t\t\t\t<\/div>\n\t\t<\/div>\n\t\t\t\t<div class=\"elementor-column elementor-col-50 elementor-inner-column elementor-element elementor-element-7e4eeae4\" data-id=\"7e4eeae4\" data-element_type=\"column\">\n\t\t\t<div class=\"elementor-widget-wrap elementor-element-populated\">\n\t\t\t\t\t\t<div class=\"elementor-element elementor-element-3628458e cea-view-default elementor-invisible elementor-widget elementor-widget-ceafeaturebox\" data-id=\"3628458e\" data-element_type=\"widget\" data-settings=\"{&quot;_animation&quot;:&quot;fadeInUp&quot;}\" data-widget_type=\"ceafeaturebox.default\">\n\t\t\t\t<div class=\"elementor-widget-container feature-box-wrapper feature-box-default\">\n\t\t\t<div class=\"media\"><div class=\"media-icon-part\"><div class=\"cea-featured-icon\"><i aria-hidden=\"true\" class=\"ti ti-alert\"><\/i><\/div><\/div><div class=\"media-body\"><h4 class=\"feature-box-title\"> Monitoring Through Satellite<\/h4><div class=\"fbox-content\">If you do not want the updating of the current position of vehicles to be dependent on the GSM signal of the data operator, you can choose the updating through satellite. Thanks to this function, the position is constantly updated, regardless if the vehicle travels through tunnels, is parked in underground parking spaces, travels through mountain areas or areas without GSM signal.<\/div><\/div><!-- .media-body --><\/div><!-- .media -->\t\t<\/div>\n\t\t\t\t<\/div>\n\t\t\t\t<div class=\"elementor-element elementor-element-ab74496 elementor-widget elementor-widget-image\" data-id=\"ab74496\" data-element_type=\"widget\" data-widget_type=\"image.default\">\n\t\t\t\t<div class=\"elementor-widget-container\">\n\t\t\t\t\t\t\t\t\t\t\t\t\t\t\t\t<a href=\"https:\/\/insfleet.de\/wp-content\/uploads\/2025\/01\/Monitoring-through-satellite.png\" data-elementor-open-lightbox=\"yes\" data-elementor-lightbox-title=\"Monitoring-through-satellite\" data-e-action-hash=\"#elementor-action%3Aaction%3Dlightbox%26settings%3DeyJpZCI6NDY4NzIsInVybCI6Imh0dHBzOlwvXC9pbnNmbGVldC5kZVwvd3AtY29udGVudFwvdXBsb2Fkc1wvMjAyNVwvMDFcL01vbml0b3JpbmctdGhyb3VnaC1zYXRlbGxpdGUucG5nIn0%3D\">\n\t\t\t\t\t\t\t<img loading=\"lazy\" decoding=\"async\" width=\"764\" height=\"459\" src=\"https:\/\/insfleet.de\/wp-content\/uploads\/2025\/01\/Monitoring-through-satellite.png\" class=\"attachment-full size-full wp-image-46872\" alt=\"\" srcset=\"https:\/\/insfleet.de\/wp-content\/uploads\/2025\/01\/Monitoring-through-satellite.png 764w, https:\/\/insfleet.de\/wp-content\/uploads\/2025\/01\/Monitoring-through-satellite-18x12.png 18w\" sizes=\"auto, (max-width: 764px) 100vw, 764px\" \/>\t\t\t\t\t\t\t\t<\/a>\n\t\t\t\t\t\t\t\t\t\t\t\t\t\t\t<\/div>\n\t\t\t\t<\/div>\n\t\t\t\t\t<\/div>\n\t\t<\/div>\n\t\t\t\t\t<\/div>\n\t\t<\/section>\n\t\t\t\t<section class=\"elementor-section elementor-inner-section elementor-element elementor-element-39ebf3da elementor-section-boxed elementor-section-height-default elementor-section-height-default\" data-id=\"39ebf3da\" data-element_type=\"section\" data-settings=\"{&quot;background_background&quot;:&quot;classic&quot;}\">\n\t\t\t\t\t\t<div class=\"elementor-container elementor-column-gap-wide\">\n\t\t\t\t\t<div class=\"elementor-column elementor-col-50 elementor-inner-column elementor-element elementor-element-44a9a509\" data-id=\"44a9a509\" data-element_type=\"column\">\n\t\t\t<div class=\"elementor-widget-wrap elementor-element-populated\">\n\t\t\t\t\t\t<div class=\"elementor-element elementor-element-53c961c3 cea-view-default elementor-invisible elementor-widget elementor-widget-ceafeaturebox\" data-id=\"53c961c3\" data-element_type=\"widget\" data-settings=\"{&quot;_animation&quot;:&quot;fadeInUp&quot;}\" data-widget_type=\"ceafeaturebox.default\">\n\t\t\t\t<div class=\"elementor-widget-container feature-box-wrapper feature-box-default\">\n\t\t\t<div class=\"media\"><div class=\"media-icon-part\"><div class=\"cea-featured-icon\"><i aria-hidden=\"true\" class=\"bi-filetype-doc\"><\/i><\/div><\/div><div class=\"media-body\"><h4 class=\"feature-box-title\">Temperature Sensor<\/h4><div class=\"fbox-content\">This characteristic of the INS Fleet Portal is extremely important to customers whose activity involve transport of live animals, pharmaceutical products and perishable goods. With the help of temperature sensors, you ensure that the goods or animals are transported in optimal conditions to their destination. You can set minimum and maximum acceptable thresholds, and each time these thresholds are exceeded you will be notified online, on the platform or via email.<\/div><\/div><!-- .media-body --><\/div><!-- .media -->\t\t<\/div>\n\t\t\t\t<\/div>\n\t\t\t\t<div class=\"elementor-element elementor-element-2bffb92 elementor-widget elementor-widget-image\" data-id=\"2bffb92\" data-element_type=\"widget\" data-widget_type=\"image.default\">\n\t\t\t\t<div class=\"elementor-widget-container\">\n\t\t\t\t\t\t\t\t\t\t\t\t\t\t\t\t<a href=\"https:\/\/insfleet.de\/wp-content\/uploads\/2025\/01\/Temperature-sensor.png\" data-elementor-open-lightbox=\"yes\" data-elementor-lightbox-title=\"Temperature-sensor\" data-e-action-hash=\"#elementor-action%3Aaction%3Dlightbox%26settings%3DeyJpZCI6NDY4NzMsInVybCI6Imh0dHBzOlwvXC9pbnNmbGVldC5kZVwvd3AtY29udGVudFwvdXBsb2Fkc1wvMjAyNVwvMDFcL1RlbXBlcmF0dXJlLXNlbnNvci5wbmcifQ%3D%3D\">\n\t\t\t\t\t\t\t<img loading=\"lazy\" decoding=\"async\" width=\"764\" height=\"459\" src=\"https:\/\/insfleet.de\/wp-content\/uploads\/2025\/01\/Temperature-sensor.png\" class=\"attachment-full size-full wp-image-46873\" alt=\"\" srcset=\"https:\/\/insfleet.de\/wp-content\/uploads\/2025\/01\/Temperature-sensor.png 764w, https:\/\/insfleet.de\/wp-content\/uploads\/2025\/01\/Temperature-sensor-18x12.png 18w\" sizes=\"auto, (max-width: 764px) 100vw, 764px\" \/>\t\t\t\t\t\t\t\t<\/a>\n\t\t\t\t\t\t\t\t\t\t\t\t\t\t\t<\/div>\n\t\t\t\t<\/div>\n\t\t\t\t\t<\/div>\n\t\t<\/div>\n\t\t\t\t<div class=\"elementor-column elementor-col-50 elementor-inner-column elementor-element elementor-element-5f0390fb\" data-id=\"5f0390fb\" data-element_type=\"column\">\n\t\t\t<div class=\"elementor-widget-wrap elementor-element-populated\">\n\t\t\t\t\t\t<div class=\"elementor-element elementor-element-58f17625 cea-view-default elementor-invisible elementor-widget elementor-widget-ceafeaturebox\" data-id=\"58f17625\" data-element_type=\"widget\" data-settings=\"{&quot;_animation&quot;:&quot;fadeInUp&quot;}\" data-widget_type=\"ceafeaturebox.default\">\n\t\t\t\t<div class=\"elementor-widget-container feature-box-wrapper feature-box-default\">\n\t\t\t<div class=\"media\"><div class=\"media-icon-part\"><div class=\"cea-featured-icon\"><i aria-hidden=\"true\" class=\"bi-share\"><\/i><\/div><\/div><div class=\"media-body\"><h4 class=\"feature-box-title\">Other Special Sensors<\/h4><div class=\"fbox-content\">The INS Fleet devices can record, thanks to their sensors, a wide range of changes of state. In the INS Fleet app you can view the changes related to the sensors which convey data upon opening and closing of the trailer door, upon stopping and starting the pressure pump, upon attaching and detaching the tractor, upon sabotaging the device. All the data you need can be found in the Contacts report, which provides information for each and every vehicle.<\/div><\/div><!-- .media-body --><\/div><!-- .media -->\t\t<\/div>\n\t\t\t\t<\/div>\n\t\t\t\t<div class=\"elementor-element elementor-element-690ba85 elementor-widget elementor-widget-image\" data-id=\"690ba85\" data-element_type=\"widget\" data-widget_type=\"image.default\">\n\t\t\t\t<div class=\"elementor-widget-container\">\n\t\t\t\t\t\t\t\t\t\t\t\t\t\t\t\t<a href=\"https:\/\/insfleet.de\/wp-content\/uploads\/2025\/01\/Other-special-sensors.png\" data-elementor-open-lightbox=\"yes\" data-elementor-lightbox-title=\"Other-special-sensors\" data-e-action-hash=\"#elementor-action%3Aaction%3Dlightbox%26settings%3DeyJpZCI6NDY4NzQsInVybCI6Imh0dHBzOlwvXC9pbnNmbGVldC5kZVwvd3AtY29udGVudFwvdXBsb2Fkc1wvMjAyNVwvMDFcL090aGVyLXNwZWNpYWwtc2Vuc29ycy5wbmcifQ%3D%3D\">\n\t\t\t\t\t\t\t<img loading=\"lazy\" decoding=\"async\" width=\"764\" height=\"459\" src=\"https:\/\/insfleet.de\/wp-content\/uploads\/2025\/01\/Other-special-sensors.png\" class=\"attachment-full size-full wp-image-46874\" alt=\"\" srcset=\"https:\/\/insfleet.de\/wp-content\/uploads\/2025\/01\/Other-special-sensors.png 764w, https:\/\/insfleet.de\/wp-content\/uploads\/2025\/01\/Other-special-sensors-18x12.png 18w\" sizes=\"auto, (max-width: 764px) 100vw, 764px\" \/>\t\t\t\t\t\t\t\t<\/a>\n\t\t\t\t\t\t\t\t\t\t\t\t\t\t\t<\/div>\n\t\t\t\t<\/div>\n\t\t\t\t\t<\/div>\n\t\t<\/div>\n\t\t\t\t\t<\/div>\n\t\t<\/section>\n\t\t\t\t\t<\/div>\n\t\t<\/div>\n\t\t\t\t\t<\/div>\n\t\t<\/section>\n\t\t\t\t<section class=\"elementor-section elementor-top-section elementor-element elementor-element-784c0c01 elementor-section-content-middle elementor-section-stretched elementor-section-boxed elementor-section-height-default elementor-section-height-default\" data-id=\"784c0c01\" data-element_type=\"section\" data-settings=\"{&quot;stretch_section&quot;:&quot;section-stretched&quot;,&quot;background_background&quot;:&quot;classic&quot;}\">\n\t\t\t\t\t\t\t<div class=\"elementor-background-overlay\"><\/div>\n\t\t\t\t\t\t\t<div class=\"elementor-container elementor-column-gap-no\">\n\t\t\t\t\t<div class=\"elementor-column elementor-col-100 elementor-top-column elementor-element elementor-element-1382006b\" data-id=\"1382006b\" data-element_type=\"column\">\n\t\t\t<div class=\"elementor-widget-wrap elementor-element-populated\">\n\t\t\t\t\t\t<div class=\"elementor-element elementor-element-7588b72 cea-btn-align-center elementor-widget elementor-widget-ceabutton\" data-id=\"7588b72\" data-element_type=\"widget\" data-widget_type=\"ceabutton.default\">\n\t\t\t\t<div class=\"elementor-widget-container cea-button-wrapper\">\r\n\t\t\t\t\t<div class=\"cea-button-wrapper\">\r\n\t\t\t<a href=\"\/en\/contact\/\" class=\"cea-button-link elementor-button cea-button elementor-size-xl\">\r\n\t\t\t\t\t\t<span class=\"cea-button-content-wrapper\">\r\n\t\t\t\t\t\t<span class=\"cea-button-icon cea-align-icon-\">\r\n\t\t\t\t\t\t\t<\/span>\r\n\t\t\t\t\t\t<span class=\"cea-button-text\">REQUEST AN OFFER<\/span>\r\n\t\t<\/span>\r\n\t\t\t\t\t<\/a>\r\n\t\t<\/div>\r\n\t\t\t\t<\/div>\r\n\t\t\t\t<\/div>\n\t\t\t\t\t<\/div>\n\t\t<\/div>\n\t\t\t\t\t<\/div>\n\t\t<\/section>\n\t\t\t\t<\/div>","protected":false},"excerpt":{"rendered":"<p>Erweiterte Funktionen INS Fleet ist eine Flottenmanagement-Software, die Ihnen einen umfassenden \u00dcberblick \u00fcber Ihre Aktivit\u00e4ten bietet. Durch die erweiterten Funktionen erm\u00f6glicht INS Fleet die Verwaltung von Ausr\u00fcstung,..<\/p>","protected":false},"author":3,"featured_media":0,"parent":0,"menu_order":0,"comment_status":"closed","ping_status":"closed","template":"","meta":{"nf_dc_page":"","footnotes":""},"class_list":["post-44264","page","type-page","status-publish","hentry"],"_links":{"self":[{"href":"https:\/\/insfleet.de\/en\/wp-json\/wp\/v2\/pages\/44264","targetHints":{"allow":["GET"]}}],"collection":[{"href":"https:\/\/insfleet.de\/en\/wp-json\/wp\/v2\/pages"}],"about":[{"href":"https:\/\/insfleet.de\/en\/wp-json\/wp\/v2\/types\/page"}],"author":[{"embeddable":true,"href":"https:\/\/insfleet.de\/en\/wp-json\/wp\/v2\/users\/3"}],"replies":[{"embeddable":true,"href":"https:\/\/insfleet.de\/en\/wp-json\/wp\/v2\/comments?post=44264"}],"version-history":[{"count":26,"href":"https:\/\/insfleet.de\/en\/wp-json\/wp\/v2\/pages\/44264\/revisions"}],"predecessor-version":[{"id":46880,"href":"https:\/\/insfleet.de\/en\/wp-json\/wp\/v2\/pages\/44264\/revisions\/46880"}],"wp:attachment":[{"href":"https:\/\/insfleet.de\/en\/wp-json\/wp\/v2\/media?parent=44264"}],"curies":[{"name":"wp","href":"https:\/\/api.w.org\/{rel}","templated":true}]}}