{"id":44262,"date":"2024-07-31T11:36:39","date_gmt":"2024-07-31T11:36:39","guid":{"rendered":"https:\/\/insfleet.de\/?page_id=44262"},"modified":"2025-01-22T12:48:29","modified_gmt":"2025-01-22T12:48:29","slug":"compliance","status":"publish","type":"page","link":"https:\/\/insfleet.de\/en\/compliance\/","title":{"rendered":"Compliance"},"content":{"rendered":"<div data-elementor-type=\"wp-page\" data-elementor-id=\"44262\" class=\"elementor elementor-44262\" data-elementor-post-type=\"page\">\n\t\t\t\t\t\t<section class=\"elementor-section elementor-top-section elementor-element elementor-element-19143f2 elementor-section-content-middle elementor-section-stretched elementor-section-boxed elementor-section-height-default elementor-section-height-default\" data-id=\"19143f2\" data-element_type=\"section\" data-settings=\"{&quot;stretch_section&quot;:&quot;section-stretched&quot;,&quot;background_background&quot;:&quot;classic&quot;}\">\n\t\t\t\t\t\t\t<div class=\"elementor-background-overlay\"><\/div>\n\t\t\t\t\t\t\t<div class=\"elementor-container elementor-column-gap-default\">\n\t\t\t\t\t<div class=\"elementor-column elementor-col-100 elementor-top-column elementor-element elementor-element-2c9a8830\" data-id=\"2c9a8830\" data-element_type=\"column\">\n\t\t\t<div class=\"elementor-widget-wrap elementor-element-populated\">\n\t\t\t\t\t\t<section class=\"elementor-section elementor-inner-section elementor-element elementor-element-40349d67 elementor-section-boxed elementor-section-height-default elementor-section-height-default\" data-id=\"40349d67\" data-element_type=\"section\" data-settings=\"{&quot;background_background&quot;:&quot;classic&quot;}\">\n\t\t\t\t\t\t<div class=\"elementor-container elementor-column-gap-wide\">\n\t\t\t\t\t<div class=\"elementor-column elementor-col-100 elementor-inner-column elementor-element elementor-element-1426141f\" data-id=\"1426141f\" data-element_type=\"column\">\n\t\t\t<div class=\"elementor-widget-wrap elementor-element-populated\">\n\t\t\t\t\t\t<div class=\"elementor-element elementor-element-7c01eb7a elementor-widget elementor-widget-heading\" data-id=\"7c01eb7a\" data-element_type=\"widget\" data-widget_type=\"heading.default\">\n\t\t\t\t<div class=\"elementor-widget-container\">\n\t\t\t\t\t<h2 class=\"elementor-heading-title elementor-size-default\">Compliance<\/h2>\t\t\t\t<\/div>\n\t\t\t\t<\/div>\n\t\t\t\t<div class=\"elementor-element elementor-element-199b9112 elementor-widget__width-initial elementor-widget-tablet__width-inherit elementor-widget elementor-widget-text-editor\" data-id=\"199b9112\" data-element_type=\"widget\" data-widget_type=\"text-editor.default\">\n\t\t\t\t<div class=\"elementor-widget-container\">\n\t\t\t\t\t\t\t\t\t<p><strong>Each vehicle has to observe the legal traffic and operating conditions. Deviations from the rules and the lack of an inventory of the fleet status may lead to increased expenses due to fines.<\/strong><\/p>\t\t\t\t\t\t\t\t<\/div>\n\t\t\t\t<\/div>\n\t\t\t\t<div class=\"elementor-element elementor-element-3ab2a2e2 cea-btn-align-left elementor-widget elementor-widget-ceabutton\" data-id=\"3ab2a2e2\" data-element_type=\"widget\" data-widget_type=\"ceabutton.default\">\n\t\t\t\t<div class=\"elementor-widget-container cea-button-wrapper\">\r\n\t\t\t\t\t<div class=\"cea-button-wrapper\">\r\n\t\t\t<a href=\"\/en\/contact\/\" class=\"cea-button-link elementor-button cea-button elementor-size-sm\">\r\n\t\t\t\t\t\t<span class=\"cea-button-content-wrapper\">\r\n\t\t\t\t\t\t<span class=\"cea-button-icon cea-align-icon-\">\r\n\t\t\t\t\t\t\t<\/span>\r\n\t\t\t\t\t\t<span class=\"cea-button-text\">REQUEST AN OFFER <\/span>\r\n\t\t<\/span>\r\n\t\t\t\t\t<\/a>\r\n\t\t<\/div>\r\n\t\t\t\t<\/div>\r\n\t\t\t\t<\/div>\n\t\t\t\t\t<\/div>\n\t\t<\/div>\n\t\t\t\t\t<\/div>\n\t\t<\/section>\n\t\t\t\t\t<\/div>\n\t\t<\/div>\n\t\t\t\t\t<\/div>\n\t\t<\/section>\n\t\t<div class=\"elementor-element elementor-element-5058a9fe e-grid e-con-boxed e-con e-parent\" data-id=\"5058a9fe\" data-element_type=\"container\">\n\t\t\t\t\t<div class=\"e-con-inner\">\n\t\t\t\t<div class=\"elementor-element elementor-element-18e8a0b6 cea-align-left cea-mobile-align-center cea-separator-type-normal elementor-widget elementor-widget-ceasectiontitle\" data-id=\"18e8a0b6\" data-element_type=\"widget\" data-widget_type=\"ceasectiontitle.default\">\n\t\t\t\t<div class=\"elementor-widget-container\">\n\t\t\t\t\t<div class=\"section-title-wrapper\"><div class=\"title-wrap\"><h3 class=\"section-title\"><span class=\"title-prefix\">Optimize Your<\/span> Compliance <span class=\"title-suffix\">with INS Fleet Solutions<\/span><\/h3><div class=\"elementor-divider\"><span class=\"elementor-divider-separator\"><\/span><\/div><\/div><!-- .title-wrap --><div class=\"section-description\"><\/div><!-- .section-description --><\/div><!-- .section-title-wrapper -->\t\t\t\t<\/div>\n\t\t\t\t<\/div>\n\t\t\t\t<div class=\"elementor-element elementor-element-21ecdd5f elementor-widget elementor-widget-text-editor\" data-id=\"21ecdd5f\" data-element_type=\"widget\" data-widget_type=\"text-editor.default\">\n\t\t\t\t<div class=\"elementor-widget-container\">\n\t\t\t\t\t\t\t\t\t<p>The INS Fleet Portal helps you get a clear picture of the legal documentation or the deadlines and to be able to monitor the fleet in order to ensure that all legislation and internal rules are complied with.<\/p>\t\t\t\t\t\t\t\t<\/div>\n\t\t\t\t<\/div>\n\t\t\t\t\t<\/div>\n\t\t\t\t<\/div>\n\t\t\t\t<section class=\"elementor-section elementor-top-section elementor-element elementor-element-1e4132a6 elementor-section-content-middle elementor-section-stretched elementor-section-boxed elementor-section-height-default elementor-section-height-default\" data-id=\"1e4132a6\" data-element_type=\"section\" data-settings=\"{&quot;stretch_section&quot;:&quot;section-stretched&quot;,&quot;background_background&quot;:&quot;classic&quot;}\">\n\t\t\t\t\t\t\t<div class=\"elementor-background-overlay\"><\/div>\n\t\t\t\t\t\t\t<div class=\"elementor-container elementor-column-gap-no\">\n\t\t\t\t\t<div class=\"elementor-column elementor-col-100 elementor-top-column elementor-element elementor-element-1f0f35ea\" data-id=\"1f0f35ea\" data-element_type=\"column\">\n\t\t\t<div class=\"elementor-widget-wrap elementor-element-populated\">\n\t\t\t\t\t\t<section class=\"elementor-section elementor-inner-section elementor-element elementor-element-3f64a192 elementor-section-boxed elementor-section-height-default elementor-section-height-default\" data-id=\"3f64a192\" data-element_type=\"section\" data-settings=\"{&quot;background_background&quot;:&quot;classic&quot;}\">\n\t\t\t\t\t\t<div class=\"elementor-container elementor-column-gap-wide\">\n\t\t\t\t\t<div class=\"elementor-column elementor-col-50 elementor-inner-column elementor-element elementor-element-2dd8cef1\" data-id=\"2dd8cef1\" data-element_type=\"column\">\n\t\t\t<div class=\"elementor-widget-wrap elementor-element-populated\">\n\t\t\t\t\t\t<div class=\"elementor-element elementor-element-67f12a1 cea-view-default elementor-invisible elementor-widget elementor-widget-ceafeaturebox\" data-id=\"67f12a1\" data-element_type=\"widget\" data-settings=\"{&quot;_animation&quot;:&quot;fadeInUp&quot;}\" data-widget_type=\"ceafeaturebox.default\">\n\t\t\t\t<div class=\"elementor-widget-container feature-box-wrapper feature-box-default\">\n\t\t\t<div class=\"media\"><div class=\"media-icon-part\"><div class=\"cea-featured-icon\"><i aria-hidden=\"true\" class=\"ti ti-location-pin\"><\/i><\/div><\/div><div class=\"media-body\"><h4 class=\"feature-box-title\">OBU One<\/h4><div class=\"fbox-content\">OBU One is a solution for automatic toll payment in the HU-GO system in Hungary. The automatic payment is activated upon the installation of OBU One on the vehicle and, based on the information sent by OBU One, the amount of the road tax in the HU-GO system will be charged directly from the customer account. In this way, the drivers may continue their transport activity in Hungary without worrying about the transportation tickets.<\/div><\/div><!-- .media-body --><\/div><!-- .media -->\t\t<\/div>\n\t\t\t\t<\/div>\n\t\t\t\t<div class=\"elementor-element elementor-element-100c24c elementor-widget elementor-widget-image\" data-id=\"100c24c\" data-element_type=\"widget\" data-widget_type=\"image.default\">\n\t\t\t\t<div class=\"elementor-widget-container\">\n\t\t\t\t\t\t\t\t\t\t\t\t\t\t\t\t<a href=\"https:\/\/insfleet.de\/wp-content\/uploads\/2025\/01\/OBU_One_en.png\" data-elementor-open-lightbox=\"yes\" data-elementor-lightbox-title=\"OBU_One_en\" data-e-action-hash=\"#elementor-action%3Aaction%3Dlightbox%26settings%3DeyJpZCI6NDY4NTYsInVybCI6Imh0dHBzOlwvXC9pbnNmbGVldC5kZVwvd3AtY29udGVudFwvdXBsb2Fkc1wvMjAyNVwvMDFcL09CVV9PbmVfZW4ucG5nIn0%3D\">\n\t\t\t\t\t\t\t<img loading=\"lazy\" decoding=\"async\" width=\"764\" height=\"459\" src=\"https:\/\/insfleet.de\/wp-content\/uploads\/2025\/01\/OBU_One_en.png\" class=\"attachment-full size-full wp-image-46856\" alt=\"\" srcset=\"https:\/\/insfleet.de\/wp-content\/uploads\/2025\/01\/OBU_One_en.png 764w, https:\/\/insfleet.de\/wp-content\/uploads\/2025\/01\/OBU_One_en-18x12.png 18w\" sizes=\"auto, (max-width: 764px) 100vw, 764px\" \/>\t\t\t\t\t\t\t\t<\/a>\n\t\t\t\t\t\t\t\t\t\t\t\t\t\t\t<\/div>\n\t\t\t\t<\/div>\n\t\t\t\t\t<\/div>\n\t\t<\/div>\n\t\t\t\t<div class=\"elementor-column elementor-col-50 elementor-inner-column elementor-element elementor-element-1c841e90\" data-id=\"1c841e90\" data-element_type=\"column\">\n\t\t\t<div class=\"elementor-widget-wrap elementor-element-populated\">\n\t\t\t\t\t\t<div class=\"elementor-element elementor-element-7fb220de cea-view-default elementor-invisible elementor-widget elementor-widget-ceafeaturebox\" data-id=\"7fb220de\" data-element_type=\"widget\" data-settings=\"{&quot;_animation&quot;:&quot;fadeInUp&quot;}\" data-widget_type=\"ceafeaturebox.default\">\n\t\t\t\t<div class=\"elementor-widget-container feature-box-wrapper feature-box-default\">\n\t\t\t<div class=\"media\"><div class=\"media-icon-part\"><div class=\"cea-featured-icon\"><i aria-hidden=\"true\" class=\"ti ti-alert\"><\/i><\/div><\/div><div class=\"media-body\"><h4 class=\"feature-box-title\">Document Expiration<\/h4><div class=\"fbox-content\">Through this function of the app you can set the expiration date for the vignette, motor vehicle liability, car insurance policy, leasing, periodic technical inspection, service inspections, oil or tire changes. Also, you can set customized fields for other documents which you want to track, such as the vignettes for various countries.<\/div><\/div><!-- .media-body --><\/div><!-- .media -->\t\t<\/div>\n\t\t\t\t<\/div>\n\t\t\t\t<div class=\"elementor-element elementor-element-d0ad58b elementor-widget elementor-widget-image\" data-id=\"d0ad58b\" data-element_type=\"widget\" data-widget_type=\"image.default\">\n\t\t\t\t<div class=\"elementor-widget-container\">\n\t\t\t\t\t\t\t\t\t\t\t\t\t\t\t\t<a href=\"https:\/\/insfleet.de\/wp-content\/uploads\/2025\/01\/Document-expiration-1.png\" data-elementor-open-lightbox=\"yes\" data-elementor-lightbox-title=\"Document-expiration-1\" data-e-action-hash=\"#elementor-action%3Aaction%3Dlightbox%26settings%3DeyJpZCI6NDY4NTcsInVybCI6Imh0dHBzOlwvXC9pbnNmbGVldC5kZVwvd3AtY29udGVudFwvdXBsb2Fkc1wvMjAyNVwvMDFcL0RvY3VtZW50LWV4cGlyYXRpb24tMS5wbmcifQ%3D%3D\">\n\t\t\t\t\t\t\t<img loading=\"lazy\" decoding=\"async\" width=\"764\" height=\"459\" src=\"https:\/\/insfleet.de\/wp-content\/uploads\/2025\/01\/Document-expiration-1.png\" class=\"attachment-full size-full wp-image-46857\" alt=\"\" srcset=\"https:\/\/insfleet.de\/wp-content\/uploads\/2025\/01\/Document-expiration-1.png 764w, https:\/\/insfleet.de\/wp-content\/uploads\/2025\/01\/Document-expiration-1-18x12.png 18w\" sizes=\"auto, (max-width: 764px) 100vw, 764px\" \/>\t\t\t\t\t\t\t\t<\/a>\n\t\t\t\t\t\t\t\t\t\t\t\t\t\t\t<\/div>\n\t\t\t\t<\/div>\n\t\t\t\t\t<\/div>\n\t\t<\/div>\n\t\t\t\t\t<\/div>\n\t\t<\/section>\n\t\t\t\t<section class=\"elementor-section elementor-inner-section elementor-element elementor-element-6f44abc elementor-section-boxed elementor-section-height-default elementor-section-height-default\" data-id=\"6f44abc\" data-element_type=\"section\" data-settings=\"{&quot;background_background&quot;:&quot;classic&quot;}\">\n\t\t\t\t\t\t<div class=\"elementor-container elementor-column-gap-wide\">\n\t\t\t\t\t<div class=\"elementor-column elementor-col-50 elementor-inner-column elementor-element elementor-element-47fb7d14\" data-id=\"47fb7d14\" data-element_type=\"column\">\n\t\t\t<div class=\"elementor-widget-wrap elementor-element-populated\">\n\t\t\t\t\t\t<div class=\"elementor-element elementor-element-7431882a cea-view-default elementor-invisible elementor-widget elementor-widget-ceafeaturebox\" data-id=\"7431882a\" data-element_type=\"widget\" data-settings=\"{&quot;_animation&quot;:&quot;fadeInUp&quot;}\" data-widget_type=\"ceafeaturebox.default\">\n\t\t\t\t<div class=\"elementor-widget-container feature-box-wrapper feature-box-default\">\n\t\t\t<div class=\"media\"><div class=\"media-icon-part\"><div class=\"cea-featured-icon\"><i aria-hidden=\"true\" class=\"bi-filetype-doc\"><\/i><\/div><\/div><div class=\"media-body\"><h4 class=\"feature-box-title\">Tachograph Data Reading<\/h4><div class=\"fbox-content\">Real time data reading regarding driving and pause hours reduces both car accidents and transportation fines because the dispatch can permanently monitor driver activity, taking immediate measures. INS Fleet offers this facility to give an increased efficiency and a better track, driver and vehicle usage management to transportation companies.<\/div><\/div><!-- .media-body --><\/div><!-- .media -->\t\t<\/div>\n\t\t\t\t<\/div>\n\t\t\t\t<div class=\"elementor-element elementor-element-dbcdc9b elementor-widget elementor-widget-image\" data-id=\"dbcdc9b\" data-element_type=\"widget\" data-widget_type=\"image.default\">\n\t\t\t\t<div class=\"elementor-widget-container\">\n\t\t\t\t\t\t\t\t\t\t\t\t\t\t\t\t<a href=\"https:\/\/insfleet.de\/wp-content\/uploads\/2025\/01\/Tachograph-data-reading.png\" data-elementor-open-lightbox=\"yes\" data-elementor-lightbox-title=\"Tachograph-data-reading\" data-e-action-hash=\"#elementor-action%3Aaction%3Dlightbox%26settings%3DeyJpZCI6NDY4NTgsInVybCI6Imh0dHBzOlwvXC9pbnNmbGVldC5kZVwvd3AtY29udGVudFwvdXBsb2Fkc1wvMjAyNVwvMDFcL1RhY2hvZ3JhcGgtZGF0YS1yZWFkaW5nLnBuZyJ9\">\n\t\t\t\t\t\t\t<img loading=\"lazy\" decoding=\"async\" width=\"764\" height=\"459\" src=\"https:\/\/insfleet.de\/wp-content\/uploads\/2025\/01\/Tachograph-data-reading.png\" class=\"attachment-full size-full wp-image-46858\" alt=\"\" srcset=\"https:\/\/insfleet.de\/wp-content\/uploads\/2025\/01\/Tachograph-data-reading.png 764w, https:\/\/insfleet.de\/wp-content\/uploads\/2025\/01\/Tachograph-data-reading-18x12.png 18w\" sizes=\"auto, (max-width: 764px) 100vw, 764px\" \/>\t\t\t\t\t\t\t\t<\/a>\n\t\t\t\t\t\t\t\t\t\t\t\t\t\t\t<\/div>\n\t\t\t\t<\/div>\n\t\t\t\t\t<\/div>\n\t\t<\/div>\n\t\t\t\t<div class=\"elementor-column elementor-col-50 elementor-inner-column elementor-element elementor-element-499d0dfb\" data-id=\"499d0dfb\" data-element_type=\"column\">\n\t\t\t<div class=\"elementor-widget-wrap elementor-element-populated\">\n\t\t\t\t\t\t<div class=\"elementor-element elementor-element-4398a223 cea-view-default elementor-invisible elementor-widget elementor-widget-ceafeaturebox\" data-id=\"4398a223\" data-element_type=\"widget\" data-settings=\"{&quot;_animation&quot;:&quot;fadeInUp&quot;}\" data-widget_type=\"ceafeaturebox.default\">\n\t\t\t\t<div class=\"elementor-widget-container feature-box-wrapper feature-box-default\">\n\t\t\t<div class=\"media\"><div class=\"media-icon-part\"><div class=\"cea-featured-icon\"><i aria-hidden=\"true\" class=\"bi-share\"><\/i><\/div><\/div><div class=\"media-body\"><h4 class=\"feature-box-title\">Speed Notifications<\/h4><div class=\"fbox-content\">With INS Fleet Portal you can set speed limits and you will receive notifications when these speed limits are exceeded. This app also offers the possibility to monitor if the vehicles exceed different speed limits, based on the road segments travelled by them.<\/div><\/div><!-- .media-body --><\/div><!-- .media -->\t\t<\/div>\n\t\t\t\t<\/div>\n\t\t\t\t<div class=\"elementor-element elementor-element-24e3a05 elementor-widget elementor-widget-image\" data-id=\"24e3a05\" data-element_type=\"widget\" data-widget_type=\"image.default\">\n\t\t\t\t<div class=\"elementor-widget-container\">\n\t\t\t\t\t\t\t\t\t\t\t\t\t\t\t\t<a href=\"https:\/\/insfleet.de\/wp-content\/uploads\/2025\/01\/Speed-notifications.png\" data-elementor-open-lightbox=\"yes\" data-elementor-lightbox-title=\"Speed-notifications\" data-e-action-hash=\"#elementor-action%3Aaction%3Dlightbox%26settings%3DeyJpZCI6NDY4NTksInVybCI6Imh0dHBzOlwvXC9pbnNmbGVldC5kZVwvd3AtY29udGVudFwvdXBsb2Fkc1wvMjAyNVwvMDFcL1NwZWVkLW5vdGlmaWNhdGlvbnMucG5nIn0%3D\">\n\t\t\t\t\t\t\t<img loading=\"lazy\" decoding=\"async\" width=\"764\" height=\"459\" src=\"https:\/\/insfleet.de\/wp-content\/uploads\/2025\/01\/Speed-notifications.png\" class=\"attachment-full size-full wp-image-46859\" alt=\"\" srcset=\"https:\/\/insfleet.de\/wp-content\/uploads\/2025\/01\/Speed-notifications.png 764w, https:\/\/insfleet.de\/wp-content\/uploads\/2025\/01\/Speed-notifications-18x12.png 18w\" sizes=\"auto, (max-width: 764px) 100vw, 764px\" \/>\t\t\t\t\t\t\t\t<\/a>\n\t\t\t\t\t\t\t\t\t\t\t\t\t\t\t<\/div>\n\t\t\t\t<\/div>\n\t\t\t\t\t<\/div>\n\t\t<\/div>\n\t\t\t\t\t<\/div>\n\t\t<\/section>\n\t\t\t\t<section class=\"elementor-section elementor-inner-section elementor-element elementor-element-457f2ae2 elementor-section-boxed elementor-section-height-default elementor-section-height-default\" data-id=\"457f2ae2\" data-element_type=\"section\" data-settings=\"{&quot;background_background&quot;:&quot;classic&quot;}\">\n\t\t\t\t\t\t<div class=\"elementor-container elementor-column-gap-wide\">\n\t\t\t\t\t<div class=\"elementor-column elementor-col-100 elementor-inner-column elementor-element elementor-element-6884799d\" data-id=\"6884799d\" data-element_type=\"column\">\n\t\t\t<div class=\"elementor-widget-wrap elementor-element-populated\">\n\t\t\t\t\t\t<div class=\"elementor-element elementor-element-9e6aa9c cea-view-default elementor-invisible elementor-widget elementor-widget-ceafeaturebox\" data-id=\"9e6aa9c\" data-element_type=\"widget\" data-settings=\"{&quot;_animation&quot;:&quot;fadeInUp&quot;}\" data-widget_type=\"ceafeaturebox.default\">\n\t\t\t\t<div class=\"elementor-widget-container feature-box-wrapper feature-box-default\">\n\t\t\t<div class=\"media\"><div class=\"media-icon-part\"><div class=\"cea-featured-icon\"><i aria-hidden=\"true\" class=\"bi-fuel-pump-diesel\"><\/i><\/div><\/div><div class=\"media-body\"><h4 class=\"feature-box-title\">Uploading Documents<\/h4><div class=\"fbox-content\">For a complete record of the documents related to drivers and the vehicles they drive, the app allows the uploading of files in image format or PDF format for mandatory insurance, driving licenses and so on. Anyone having access to the app can view these documents directly from the INS Fleet Portal.<\/div><\/div><!-- .media-body --><\/div><!-- .media -->\t\t<\/div>\n\t\t\t\t<\/div>\n\t\t\t\t<div class=\"elementor-element elementor-element-1af0c22 elementor-widget elementor-widget-image\" data-id=\"1af0c22\" data-element_type=\"widget\" data-widget_type=\"image.default\">\n\t\t\t\t<div class=\"elementor-widget-container\">\n\t\t\t\t\t\t\t\t\t\t\t\t\t\t\t\t<a href=\"https:\/\/insfleet.de\/wp-content\/uploads\/2025\/01\/Uploading-documents-1.png\" data-elementor-open-lightbox=\"yes\" data-elementor-lightbox-title=\"Uploading-documents-1\" data-e-action-hash=\"#elementor-action%3Aaction%3Dlightbox%26settings%3DeyJpZCI6NDY4NjAsInVybCI6Imh0dHBzOlwvXC9pbnNmbGVldC5kZVwvd3AtY29udGVudFwvdXBsb2Fkc1wvMjAyNVwvMDFcL1VwbG9hZGluZy1kb2N1bWVudHMtMS5wbmcifQ%3D%3D\">\n\t\t\t\t\t\t\t<img loading=\"lazy\" decoding=\"async\" width=\"764\" height=\"459\" src=\"https:\/\/insfleet.de\/wp-content\/uploads\/2025\/01\/Uploading-documents-1.png\" class=\"attachment-full size-full wp-image-46860\" alt=\"\" srcset=\"https:\/\/insfleet.de\/wp-content\/uploads\/2025\/01\/Uploading-documents-1.png 764w, https:\/\/insfleet.de\/wp-content\/uploads\/2025\/01\/Uploading-documents-1-18x12.png 18w\" sizes=\"auto, (max-width: 764px) 100vw, 764px\" \/>\t\t\t\t\t\t\t\t<\/a>\n\t\t\t\t\t\t\t\t\t\t\t\t\t\t\t<\/div>\n\t\t\t\t<\/div>\n\t\t\t\t\t<\/div>\n\t\t<\/div>\n\t\t\t\t\t<\/div>\n\t\t<\/section>\n\t\t\t\t\t<\/div>\n\t\t<\/div>\n\t\t\t\t\t<\/div>\n\t\t<\/section>\n\t\t\t\t<section class=\"elementor-section elementor-top-section elementor-element elementor-element-2615eb37 elementor-section-content-middle elementor-section-stretched elementor-section-boxed elementor-section-height-default elementor-section-height-default\" data-id=\"2615eb37\" data-element_type=\"section\" data-settings=\"{&quot;stretch_section&quot;:&quot;section-stretched&quot;,&quot;background_background&quot;:&quot;classic&quot;}\">\n\t\t\t\t\t\t\t<div class=\"elementor-background-overlay\"><\/div>\n\t\t\t\t\t\t\t<div class=\"elementor-container elementor-column-gap-no\">\n\t\t\t\t\t<div class=\"elementor-column elementor-col-100 elementor-top-column elementor-element elementor-element-675d5cb1\" data-id=\"675d5cb1\" data-element_type=\"column\">\n\t\t\t<div class=\"elementor-widget-wrap elementor-element-populated\">\n\t\t\t\t\t\t<div class=\"elementor-element elementor-element-fb37c40 cea-btn-align-center elementor-widget elementor-widget-ceabutton\" data-id=\"fb37c40\" data-element_type=\"widget\" data-widget_type=\"ceabutton.default\">\n\t\t\t\t<div class=\"elementor-widget-container cea-button-wrapper\">\r\n\t\t\t\t\t<div class=\"cea-button-wrapper\">\r\n\t\t\t<a href=\"\/en\/contact\/\" class=\"cea-button-link elementor-button cea-button elementor-size-xl\">\r\n\t\t\t\t\t\t<span class=\"cea-button-content-wrapper\">\r\n\t\t\t\t\t\t<span class=\"cea-button-icon cea-align-icon-\">\r\n\t\t\t\t\t\t\t<\/span>\r\n\t\t\t\t\t\t<span class=\"cea-button-text\">REQUEST AN OFFER <\/span>\r\n\t\t<\/span>\r\n\t\t\t\t\t<\/a>\r\n\t\t<\/div>\r\n\t\t\t\t<\/div>\r\n\t\t\t\t<\/div>\n\t\t\t\t\t<\/div>\n\t\t<\/div>\n\t\t\t\t\t<\/div>\n\t\t<\/section>\n\t\t\t\t<\/div>","protected":false},"excerpt":{"rendered":"<p>Regelkonformit\u00e4t Jedes Fahrzeug muss die gesetzlichen Verkehrs- und Betriebsbedingungen regelkonform einhalten. Abweichungen von den Vorschriften und das Fehlen eines \u00dcberblicks \u00fcber den Flottenstatus k\u00f6nnen zu erh\u00f6hten Ausgaben..<\/p>","protected":false},"author":3,"featured_media":0,"parent":0,"menu_order":0,"comment_status":"closed","ping_status":"closed","template":"","meta":{"nf_dc_page":"","footnotes":""},"class_list":["post-44262","page","type-page","status-publish","hentry"],"_links":{"self":[{"href":"https:\/\/insfleet.de\/en\/wp-json\/wp\/v2\/pages\/44262","targetHints":{"allow":["GET"]}}],"collection":[{"href":"https:\/\/insfleet.de\/en\/wp-json\/wp\/v2\/pages"}],"about":[{"href":"https:\/\/insfleet.de\/en\/wp-json\/wp\/v2\/types\/page"}],"author":[{"embeddable":true,"href":"https:\/\/insfleet.de\/en\/wp-json\/wp\/v2\/users\/3"}],"replies":[{"embeddable":true,"href":"https:\/\/insfleet.de\/en\/wp-json\/wp\/v2\/comments?post=44262"}],"version-history":[{"count":30,"href":"https:\/\/insfleet.de\/en\/wp-json\/wp\/v2\/pages\/44262\/revisions"}],"predecessor-version":[{"id":46863,"href":"https:\/\/insfleet.de\/en\/wp-json\/wp\/v2\/pages\/44262\/revisions\/46863"}],"wp:attachment":[{"href":"https:\/\/insfleet.de\/en\/wp-json\/wp\/v2\/media?parent=44262"}],"curies":[{"name":"wp","href":"https:\/\/api.w.org\/{rel}","templated":true}]}}