{"id":44256,"date":"2024-07-31T11:35:39","date_gmt":"2024-07-31T11:35:39","guid":{"rendered":"https:\/\/insfleet.de\/?page_id=44256"},"modified":"2025-01-22T12:39:24","modified_gmt":"2025-01-22T12:39:24","slug":"fuel-consumption","status":"publish","type":"page","link":"https:\/\/insfleet.de\/en\/fuel-consumption\/","title":{"rendered":"Fuel consumption"},"content":{"rendered":"<div data-elementor-type=\"wp-page\" data-elementor-id=\"44256\" class=\"elementor elementor-44256\" data-elementor-post-type=\"page\">\n\t\t\t\t\t\t<section class=\"elementor-section elementor-top-section elementor-element elementor-element-4bd7de1d elementor-section-content-middle elementor-section-stretched elementor-section-boxed elementor-section-height-default elementor-section-height-default\" data-id=\"4bd7de1d\" data-element_type=\"section\" data-settings=\"{&quot;stretch_section&quot;:&quot;section-stretched&quot;,&quot;background_background&quot;:&quot;classic&quot;}\">\n\t\t\t\t\t\t\t<div class=\"elementor-background-overlay\"><\/div>\n\t\t\t\t\t\t\t<div class=\"elementor-container elementor-column-gap-default\">\n\t\t\t\t\t<div class=\"elementor-column elementor-col-100 elementor-top-column elementor-element elementor-element-61502491\" data-id=\"61502491\" data-element_type=\"column\">\n\t\t\t<div class=\"elementor-widget-wrap elementor-element-populated\">\n\t\t\t\t\t\t<section class=\"elementor-section elementor-inner-section elementor-element elementor-element-3f3d5e9f elementor-section-boxed elementor-section-height-default elementor-section-height-default\" data-id=\"3f3d5e9f\" data-element_type=\"section\" data-settings=\"{&quot;background_background&quot;:&quot;classic&quot;}\">\n\t\t\t\t\t\t<div class=\"elementor-container elementor-column-gap-wide\">\n\t\t\t\t\t<div class=\"elementor-column elementor-col-100 elementor-inner-column elementor-element elementor-element-6959047f\" data-id=\"6959047f\" data-element_type=\"column\">\n\t\t\t<div class=\"elementor-widget-wrap elementor-element-populated\">\n\t\t\t\t\t\t<div class=\"elementor-element elementor-element-5632eafe elementor-widget elementor-widget-heading\" data-id=\"5632eafe\" data-element_type=\"widget\" data-widget_type=\"heading.default\">\n\t\t\t\t<div class=\"elementor-widget-container\">\n\t\t\t\t\t<h2 class=\"elementor-heading-title elementor-size-default\">Fuel consumption<\/h2>\t\t\t\t<\/div>\n\t\t\t\t<\/div>\n\t\t\t\t<div class=\"elementor-element elementor-element-5837c50c elementor-widget__width-initial elementor-widget-tablet__width-inherit elementor-widget elementor-widget-text-editor\" data-id=\"5837c50c\" data-element_type=\"widget\" data-widget_type=\"text-editor.default\">\n\t\t\t\t<div class=\"elementor-widget-container\">\n\t\t\t\t\t\t\t\t\t<p><strong>Monitoring instruments do not automatically improve the fuel consumption, but provide important information based on which you can identify anomalies or possible problems and take measures to make the fuel consumption more efficient.<\/strong><\/p>\t\t\t\t\t\t\t\t<\/div>\n\t\t\t\t<\/div>\n\t\t\t\t<div class=\"elementor-element elementor-element-6c927cf9 cea-btn-align-left elementor-widget elementor-widget-ceabutton\" data-id=\"6c927cf9\" data-element_type=\"widget\" data-widget_type=\"ceabutton.default\">\n\t\t\t\t<div class=\"elementor-widget-container cea-button-wrapper\">\r\n\t\t\t\t\t<div class=\"cea-button-wrapper\">\r\n\t\t\t<a href=\"\/en\/contact\/\" class=\"cea-button-link elementor-button cea-button elementor-size-sm\">\r\n\t\t\t\t\t\t<span class=\"cea-button-content-wrapper\">\r\n\t\t\t\t\t\t<span class=\"cea-button-icon cea-align-icon-\">\r\n\t\t\t\t\t\t\t<\/span>\r\n\t\t\t\t\t\t<span class=\"cea-button-text\">REQUEST AN OFFER<\/span>\r\n\t\t<\/span>\r\n\t\t\t\t\t<\/a>\r\n\t\t<\/div>\r\n\t\t\t\t<\/div>\r\n\t\t\t\t<\/div>\n\t\t\t\t\t<\/div>\n\t\t<\/div>\n\t\t\t\t\t<\/div>\n\t\t<\/section>\n\t\t\t\t\t<\/div>\n\t\t<\/div>\n\t\t\t\t\t<\/div>\n\t\t<\/section>\n\t\t<div class=\"elementor-element elementor-element-6192813c e-grid e-con-boxed e-con e-parent\" data-id=\"6192813c\" data-element_type=\"container\">\n\t\t\t\t\t<div class=\"e-con-inner\">\n\t\t\t\t<div class=\"elementor-element elementor-element-2bdf6457 cea-align-left cea-mobile-align-center cea-separator-type-normal elementor-widget elementor-widget-ceasectiontitle\" data-id=\"2bdf6457\" data-element_type=\"widget\" data-widget_type=\"ceasectiontitle.default\">\n\t\t\t\t<div class=\"elementor-widget-container\">\n\t\t\t\t\t<div class=\"section-title-wrapper\"><div class=\"title-wrap\"><h3 class=\"section-title\"><span class=\"title-prefix\">Optimize Your<\/span> Fuel consumption <span class=\"title-suffix\">with INS Fleet Solutions<\/span><\/h3><div class=\"elementor-divider\"><span class=\"elementor-divider-separator\"><\/span><\/div><\/div><!-- .title-wrap --><div class=\"section-description\"><\/div><!-- .section-description --><\/div><!-- .section-title-wrapper -->\t\t\t\t<\/div>\n\t\t\t\t<\/div>\n\t\t\t\t<div class=\"elementor-element elementor-element-50bb582f elementor-widget elementor-widget-text-editor\" data-id=\"50bb582f\" data-element_type=\"widget\" data-widget_type=\"text-editor.default\">\n\t\t\t\t<div class=\"elementor-widget-container\">\n\t\t\t\t\t\t\t\t\t<p>INS Fleet allows an accurate measurement of the consumption and the integration with the INS Fleet Portal of a method dedicated to monitor the fuel consumption.<\/p>\t\t\t\t\t\t\t\t<\/div>\n\t\t\t\t<\/div>\n\t\t\t\t\t<\/div>\n\t\t\t\t<\/div>\n\t\t\t\t<section class=\"elementor-section elementor-top-section elementor-element elementor-element-74388b48 elementor-section-content-middle elementor-section-stretched elementor-section-boxed elementor-section-height-default elementor-section-height-default\" data-id=\"74388b48\" data-element_type=\"section\" data-settings=\"{&quot;stretch_section&quot;:&quot;section-stretched&quot;,&quot;background_background&quot;:&quot;classic&quot;}\">\n\t\t\t\t\t\t\t<div class=\"elementor-background-overlay\"><\/div>\n\t\t\t\t\t\t\t<div class=\"elementor-container elementor-column-gap-no\">\n\t\t\t\t\t<div class=\"elementor-column elementor-col-100 elementor-top-column elementor-element elementor-element-6341ab6\" data-id=\"6341ab6\" data-element_type=\"column\">\n\t\t\t<div class=\"elementor-widget-wrap elementor-element-populated\">\n\t\t\t\t\t\t<section class=\"elementor-section elementor-inner-section elementor-element elementor-element-78261113 elementor-section-boxed elementor-section-height-default elementor-section-height-default\" data-id=\"78261113\" data-element_type=\"section\" data-settings=\"{&quot;background_background&quot;:&quot;classic&quot;}\">\n\t\t\t\t\t\t<div class=\"elementor-container elementor-column-gap-wide\">\n\t\t\t\t\t<div class=\"elementor-column elementor-col-50 elementor-inner-column elementor-element elementor-element-134a8da0\" data-id=\"134a8da0\" data-element_type=\"column\">\n\t\t\t<div class=\"elementor-widget-wrap elementor-element-populated\">\n\t\t\t\t\t\t<div class=\"elementor-element elementor-element-313bd2e3 cea-view-default elementor-invisible elementor-widget elementor-widget-ceafeaturebox\" data-id=\"313bd2e3\" data-element_type=\"widget\" data-settings=\"{&quot;_animation&quot;:&quot;fadeInUp&quot;}\" data-widget_type=\"ceafeaturebox.default\">\n\t\t\t\t<div class=\"elementor-widget-container feature-box-wrapper feature-box-default\">\n\t\t\t<div class=\"media\"><div class=\"media-icon-part\"><div class=\"cea-featured-icon\"><i aria-hidden=\"true\" class=\"ti ti-location-pin\"><\/i><\/div><\/div><div class=\"media-body\"><h4 class=\"feature-box-title\">Reading the Data Through FMS<\/h4><div class=\"fbox-content\">The INS Fleet telematic unit can connect to the FMS standard interface of the vehicle or through a VDI additional module, which allows the reading of fuel consumption figures directly from the vehicle\u2019s on-board computer. This option is very popular because you can collect information such as: fuel level in the tank, on-board odometer, engine speed or data from the tachograph.<\/div><\/div><!-- .media-body --><\/div><!-- .media -->\t\t<\/div>\n\t\t\t\t<\/div>\n\t\t\t\t<div class=\"elementor-element elementor-element-904baf1 elementor-widget elementor-widget-image\" data-id=\"904baf1\" data-element_type=\"widget\" data-widget_type=\"image.default\">\n\t\t\t\t<div class=\"elementor-widget-container\">\n\t\t\t\t\t\t\t\t\t\t\t\t\t\t\t\t<a href=\"https:\/\/insfleet.de\/wp-content\/uploads\/2025\/01\/Reading-the-data-through-FMS.png\" data-elementor-open-lightbox=\"yes\" data-elementor-lightbox-title=\"Reading-the-data-through-FMS\" data-e-action-hash=\"#elementor-action%3Aaction%3Dlightbox%26settings%3DeyJpZCI6NDY4MzgsInVybCI6Imh0dHBzOlwvXC9pbnNmbGVldC5kZVwvd3AtY29udGVudFwvdXBsb2Fkc1wvMjAyNVwvMDFcL1JlYWRpbmctdGhlLWRhdGEtdGhyb3VnaC1GTVMucG5nIn0%3D\">\n\t\t\t\t\t\t\t<img loading=\"lazy\" decoding=\"async\" width=\"764\" height=\"459\" src=\"https:\/\/insfleet.de\/wp-content\/uploads\/2025\/01\/Reading-the-data-through-FMS.png\" class=\"attachment-full size-full wp-image-46838\" alt=\"\" srcset=\"https:\/\/insfleet.de\/wp-content\/uploads\/2025\/01\/Reading-the-data-through-FMS.png 764w, https:\/\/insfleet.de\/wp-content\/uploads\/2025\/01\/Reading-the-data-through-FMS-18x12.png 18w\" sizes=\"auto, (max-width: 764px) 100vw, 764px\" \/>\t\t\t\t\t\t\t\t<\/a>\n\t\t\t\t\t\t\t\t\t\t\t\t\t\t\t<\/div>\n\t\t\t\t<\/div>\n\t\t\t\t\t<\/div>\n\t\t<\/div>\n\t\t\t\t<div class=\"elementor-column elementor-col-50 elementor-inner-column elementor-element elementor-element-3fe9f230\" data-id=\"3fe9f230\" data-element_type=\"column\">\n\t\t\t<div class=\"elementor-widget-wrap elementor-element-populated\">\n\t\t\t\t\t\t<div class=\"elementor-element elementor-element-7b08a90f cea-view-default elementor-invisible elementor-widget elementor-widget-ceafeaturebox\" data-id=\"7b08a90f\" data-element_type=\"widget\" data-settings=\"{&quot;_animation&quot;:&quot;fadeInUp&quot;}\" data-widget_type=\"ceafeaturebox.default\">\n\t\t\t\t<div class=\"elementor-widget-container feature-box-wrapper feature-box-default\">\n\t\t\t<div class=\"media\"><div class=\"media-icon-part\"><div class=\"cea-featured-icon\"><i aria-hidden=\"true\" class=\"ti ti-alert\"><\/i><\/div><\/div><div class=\"media-body\"><h4 class=\"feature-box-title\">Calculating the Fuel Level in the Tank with the Level Probe<\/h4><div class=\"fbox-content\">This method involves the acquisition and installation inside the tank of a digital probe which will be used to measure the fuel level. It is one of the most accurate methods, because it offers not only calculation of the consumption based on fuel level variations, but also provides alerts in case of sudden level variations, which points to fuel theft or fueling.<\/div><\/div><!-- .media-body --><\/div><!-- .media -->\t\t<\/div>\n\t\t\t\t<\/div>\n\t\t\t\t<div class=\"elementor-element elementor-element-b3144ba elementor-widget elementor-widget-image\" data-id=\"b3144ba\" data-element_type=\"widget\" data-widget_type=\"image.default\">\n\t\t\t\t<div class=\"elementor-widget-container\">\n\t\t\t\t\t\t\t\t\t\t\t\t\t\t\t\t<a href=\"https:\/\/insfleet.de\/wp-content\/uploads\/2025\/01\/Calculating-the-fuel-level.png\" data-elementor-open-lightbox=\"yes\" data-elementor-lightbox-title=\"Calculating-the-fuel-level\" data-e-action-hash=\"#elementor-action%3Aaction%3Dlightbox%26settings%3DeyJpZCI6NDY4MzksInVybCI6Imh0dHBzOlwvXC9pbnNmbGVldC5kZVwvd3AtY29udGVudFwvdXBsb2Fkc1wvMjAyNVwvMDFcL0NhbGN1bGF0aW5nLXRoZS1mdWVsLWxldmVsLnBuZyJ9\">\n\t\t\t\t\t\t\t<img loading=\"lazy\" decoding=\"async\" width=\"764\" height=\"459\" src=\"https:\/\/insfleet.de\/wp-content\/uploads\/2025\/01\/Calculating-the-fuel-level.png\" class=\"attachment-full size-full wp-image-46839\" alt=\"\" srcset=\"https:\/\/insfleet.de\/wp-content\/uploads\/2025\/01\/Calculating-the-fuel-level.png 764w, https:\/\/insfleet.de\/wp-content\/uploads\/2025\/01\/Calculating-the-fuel-level-18x12.png 18w\" sizes=\"auto, (max-width: 764px) 100vw, 764px\" \/>\t\t\t\t\t\t\t\t<\/a>\n\t\t\t\t\t\t\t\t\t\t\t\t\t\t\t<\/div>\n\t\t\t\t<\/div>\n\t\t\t\t\t<\/div>\n\t\t<\/div>\n\t\t\t\t\t<\/div>\n\t\t<\/section>\n\t\t\t\t<section class=\"elementor-section elementor-inner-section elementor-element elementor-element-5ae41f32 elementor-section-boxed elementor-section-height-default elementor-section-height-default\" data-id=\"5ae41f32\" data-element_type=\"section\" data-settings=\"{&quot;background_background&quot;:&quot;classic&quot;}\">\n\t\t\t\t\t\t<div class=\"elementor-container elementor-column-gap-wide\">\n\t\t\t\t\t<div class=\"elementor-column elementor-col-50 elementor-inner-column elementor-element elementor-element-4f628f32\" data-id=\"4f628f32\" data-element_type=\"column\">\n\t\t\t<div class=\"elementor-widget-wrap elementor-element-populated\">\n\t\t\t\t\t\t<div class=\"elementor-element elementor-element-79cc7ce4 cea-view-default elementor-invisible elementor-widget elementor-widget-ceafeaturebox\" data-id=\"79cc7ce4\" data-element_type=\"widget\" data-settings=\"{&quot;_animation&quot;:&quot;fadeInUp&quot;}\" data-widget_type=\"ceafeaturebox.default\">\n\t\t\t\t<div class=\"elementor-widget-container feature-box-wrapper feature-box-default\">\n\t\t\t<div class=\"media\"><div class=\"media-icon-part\"><div class=\"cea-featured-icon\"><i aria-hidden=\"true\" class=\"bi-filetype-doc\"><\/i><\/div><\/div><div class=\"media-body\"><h4 class=\"feature-box-title\">Import of Fueling Performed<\/h4><div class=\"fbox-content\">This option involves the import of fueling performed from refuel to refuel. If the company uses fuel cards, the fueling from fuel suppliers can be automatically imported through INS Fleet, and the consumption is calculated based on the distance travelled between one fueling and the subsequent one.<\/div><\/div><!-- .media-body --><\/div><!-- .media -->\t\t<\/div>\n\t\t\t\t<\/div>\n\t\t\t\t<div class=\"elementor-element elementor-element-ad9a2d2 elementor-widget elementor-widget-image\" data-id=\"ad9a2d2\" data-element_type=\"widget\" data-widget_type=\"image.default\">\n\t\t\t\t<div class=\"elementor-widget-container\">\n\t\t\t\t\t\t\t\t\t\t\t\t\t\t\t\t<a href=\"https:\/\/insfleet.de\/wp-content\/uploads\/2025\/01\/Import-of-fueling-performed-1.png\" data-elementor-open-lightbox=\"yes\" data-elementor-lightbox-title=\"Import-of-fueling-performed-1\" data-e-action-hash=\"#elementor-action%3Aaction%3Dlightbox%26settings%3DeyJpZCI6NDY4NDAsInVybCI6Imh0dHBzOlwvXC9pbnNmbGVldC5kZVwvd3AtY29udGVudFwvdXBsb2Fkc1wvMjAyNVwvMDFcL0ltcG9ydC1vZi1mdWVsaW5nLXBlcmZvcm1lZC0xLnBuZyJ9\">\n\t\t\t\t\t\t\t<img loading=\"lazy\" decoding=\"async\" width=\"764\" height=\"459\" src=\"https:\/\/insfleet.de\/wp-content\/uploads\/2025\/01\/Import-of-fueling-performed-1.png\" class=\"attachment-full size-full wp-image-46840\" alt=\"\" srcset=\"https:\/\/insfleet.de\/wp-content\/uploads\/2025\/01\/Import-of-fueling-performed-1.png 764w, https:\/\/insfleet.de\/wp-content\/uploads\/2025\/01\/Import-of-fueling-performed-1-18x12.png 18w\" sizes=\"auto, (max-width: 764px) 100vw, 764px\" \/>\t\t\t\t\t\t\t\t<\/a>\n\t\t\t\t\t\t\t\t\t\t\t\t\t\t\t<\/div>\n\t\t\t\t<\/div>\n\t\t\t\t\t<\/div>\n\t\t<\/div>\n\t\t\t\t<div class=\"elementor-column elementor-col-50 elementor-inner-column elementor-element elementor-element-407dc03d\" data-id=\"407dc03d\" data-element_type=\"column\">\n\t\t\t<div class=\"elementor-widget-wrap elementor-element-populated\">\n\t\t\t\t\t\t<div class=\"elementor-element elementor-element-2f62e806 cea-view-default elementor-invisible elementor-widget elementor-widget-ceafeaturebox\" data-id=\"2f62e806\" data-element_type=\"widget\" data-settings=\"{&quot;_animation&quot;:&quot;fadeInUp&quot;}\" data-widget_type=\"ceafeaturebox.default\">\n\t\t\t\t<div class=\"elementor-widget-container feature-box-wrapper feature-box-default\">\n\t\t\t<div class=\"media\"><div class=\"media-icon-part\"><div class=\"cea-featured-icon\"><i aria-hidden=\"true\" class=\"bi-share\"><\/i><\/div><\/div><div class=\"media-body\"><h4 class=\"feature-box-title\">Consumption Estimation<\/h4><div class=\"fbox-content\">The simplest option involves the input of data from the vehicle\u2019s instruction book and the calculation of the consumption based on the average consumption values specific to each and every vehicle. The advantage of this method is that it does not imply any additional costs or equipment.<\/div><\/div><!-- .media-body --><\/div><!-- .media -->\t\t<\/div>\n\t\t\t\t<\/div>\n\t\t\t\t<div class=\"elementor-element elementor-element-3b359a1 elementor-widget elementor-widget-image\" data-id=\"3b359a1\" data-element_type=\"widget\" data-widget_type=\"image.default\">\n\t\t\t\t<div class=\"elementor-widget-container\">\n\t\t\t\t\t\t\t\t\t\t\t\t\t\t\t\t<a href=\"https:\/\/insfleet.de\/wp-content\/uploads\/2025\/01\/Consumption-estimation-1.png\" data-elementor-open-lightbox=\"yes\" data-elementor-lightbox-title=\"Consumption-estimation-1\" data-e-action-hash=\"#elementor-action%3Aaction%3Dlightbox%26settings%3DeyJpZCI6NDY4NDEsInVybCI6Imh0dHBzOlwvXC9pbnNmbGVldC5kZVwvd3AtY29udGVudFwvdXBsb2Fkc1wvMjAyNVwvMDFcL0NvbnN1bXB0aW9uLWVzdGltYXRpb24tMS5wbmcifQ%3D%3D\">\n\t\t\t\t\t\t\t<img loading=\"lazy\" decoding=\"async\" width=\"764\" height=\"459\" src=\"https:\/\/insfleet.de\/wp-content\/uploads\/2025\/01\/Consumption-estimation-1.png\" class=\"attachment-full size-full wp-image-46841\" alt=\"\" srcset=\"https:\/\/insfleet.de\/wp-content\/uploads\/2025\/01\/Consumption-estimation-1.png 764w, https:\/\/insfleet.de\/wp-content\/uploads\/2025\/01\/Consumption-estimation-1-18x12.png 18w\" sizes=\"auto, (max-width: 764px) 100vw, 764px\" \/>\t\t\t\t\t\t\t\t<\/a>\n\t\t\t\t\t\t\t\t\t\t\t\t\t\t\t<\/div>\n\t\t\t\t<\/div>\n\t\t\t\t\t<\/div>\n\t\t<\/div>\n\t\t\t\t\t<\/div>\n\t\t<\/section>\n\t\t\t\t\t<\/div>\n\t\t<\/div>\n\t\t\t\t\t<\/div>\n\t\t<\/section>\n\t\t\t\t<section class=\"elementor-section elementor-top-section elementor-element elementor-element-299990ad elementor-section-content-middle elementor-section-stretched elementor-section-boxed elementor-section-height-default elementor-section-height-default\" data-id=\"299990ad\" data-element_type=\"section\" data-settings=\"{&quot;stretch_section&quot;:&quot;section-stretched&quot;,&quot;background_background&quot;:&quot;classic&quot;}\">\n\t\t\t\t\t\t\t<div class=\"elementor-background-overlay\"><\/div>\n\t\t\t\t\t\t\t<div class=\"elementor-container elementor-column-gap-no\">\n\t\t\t\t\t<div class=\"elementor-column elementor-col-100 elementor-top-column elementor-element elementor-element-1b4d79bc\" data-id=\"1b4d79bc\" data-element_type=\"column\">\n\t\t\t<div class=\"elementor-widget-wrap elementor-element-populated\">\n\t\t\t\t\t\t<div class=\"elementor-element elementor-element-6f0956b3 cea-btn-align-center elementor-widget elementor-widget-ceabutton\" data-id=\"6f0956b3\" data-element_type=\"widget\" data-widget_type=\"ceabutton.default\">\n\t\t\t\t<div class=\"elementor-widget-container cea-button-wrapper\">\r\n\t\t\t\t\t<div class=\"cea-button-wrapper\">\r\n\t\t\t<a href=\"\/en\/contact\/\" class=\"cea-button-link elementor-button cea-button elementor-size-xl\">\r\n\t\t\t\t\t\t<span class=\"cea-button-content-wrapper\">\r\n\t\t\t\t\t\t<span class=\"cea-button-icon cea-align-icon-\">\r\n\t\t\t\t\t\t\t<\/span>\r\n\t\t\t\t\t\t<span class=\"cea-button-text\">REQUEST AN OFFER<\/span>\r\n\t\t<\/span>\r\n\t\t\t\t\t<\/a>\r\n\t\t<\/div>\r\n\t\t\t\t<\/div>\r\n\t\t\t\t<\/div>\n\t\t\t\t\t<\/div>\n\t\t<\/div>\n\t\t\t\t\t<\/div>\n\t\t<\/section>\n\t\t\t\t<\/div>","protected":false},"excerpt":{"rendered":"<p>Kraftstoffverbrauch \u00dcberwachungsinstrumente verbessern den Kraftstoffverbrauch nicht automatisch, liefern jedoch wichtige Informationen, anhand derer Sie Anomalien oder m\u00f6gliche Probleme erkennen und Ma\u00dfnahmen ergreifen k\u00f6nnen, um den Kraftstoffverbrauch effizienter..<\/p>","protected":false},"author":3,"featured_media":0,"parent":0,"menu_order":0,"comment_status":"closed","ping_status":"closed","template":"","meta":{"nf_dc_page":"","footnotes":""},"class_list":["post-44256","page","type-page","status-publish","hentry"],"_links":{"self":[{"href":"https:\/\/insfleet.de\/en\/wp-json\/wp\/v2\/pages\/44256","targetHints":{"allow":["GET"]}}],"collection":[{"href":"https:\/\/insfleet.de\/en\/wp-json\/wp\/v2\/pages"}],"about":[{"href":"https:\/\/insfleet.de\/en\/wp-json\/wp\/v2\/types\/page"}],"author":[{"embeddable":true,"href":"https:\/\/insfleet.de\/en\/wp-json\/wp\/v2\/users\/3"}],"replies":[{"embeddable":true,"href":"https:\/\/insfleet.de\/en\/wp-json\/wp\/v2\/comments?post=44256"}],"version-history":[{"count":38,"href":"https:\/\/insfleet.de\/en\/wp-json\/wp\/v2\/pages\/44256\/revisions"}],"predecessor-version":[{"id":46847,"href":"https:\/\/insfleet.de\/en\/wp-json\/wp\/v2\/pages\/44256\/revisions\/46847"}],"wp:attachment":[{"href":"https:\/\/insfleet.de\/en\/wp-json\/wp\/v2\/media?parent=44256"}],"curies":[{"name":"wp","href":"https:\/\/api.w.org\/{rel}","templated":true}]}}