{"id":44249,"date":"2024-07-31T11:31:09","date_gmt":"2024-07-31T11:31:09","guid":{"rendered":"https:\/\/insfleet.de\/?page_id=44249"},"modified":"2025-01-23T18:53:00","modified_gmt":"2025-01-23T18:53:00","slug":"fleet-monitoring","status":"publish","type":"page","link":"https:\/\/insfleet.de\/en\/fleet-monitoring\/","title":{"rendered":"Fleet monitoring"},"content":{"rendered":"<div data-elementor-type=\"wp-page\" data-elementor-id=\"44249\" class=\"elementor elementor-44249\" data-elementor-post-type=\"page\">\n\t\t\t\t\t\t<section class=\"elementor-section elementor-top-section elementor-element elementor-element-c42329b elementor-section-content-middle elementor-section-stretched elementor-section-boxed elementor-section-height-default elementor-section-height-default\" data-id=\"c42329b\" data-element_type=\"section\" data-settings=\"{&quot;stretch_section&quot;:&quot;section-stretched&quot;,&quot;background_background&quot;:&quot;classic&quot;}\">\n\t\t\t\t\t\t\t<div class=\"elementor-background-overlay\"><\/div>\n\t\t\t\t\t\t\t<div class=\"elementor-container elementor-column-gap-default\">\n\t\t\t\t\t<div class=\"elementor-column elementor-col-100 elementor-top-column elementor-element elementor-element-322330fc\" data-id=\"322330fc\" data-element_type=\"column\">\n\t\t\t<div class=\"elementor-widget-wrap elementor-element-populated\">\n\t\t\t\t\t\t<section class=\"elementor-section elementor-inner-section elementor-element elementor-element-d8859a0 elementor-section-boxed elementor-section-height-default elementor-section-height-default\" data-id=\"d8859a0\" data-element_type=\"section\" data-settings=\"{&quot;background_background&quot;:&quot;classic&quot;}\">\n\t\t\t\t\t\t<div class=\"elementor-container elementor-column-gap-wide\">\n\t\t\t\t\t<div class=\"elementor-column elementor-col-100 elementor-inner-column elementor-element elementor-element-4044a900\" data-id=\"4044a900\" data-element_type=\"column\">\n\t\t\t<div class=\"elementor-widget-wrap elementor-element-populated\">\n\t\t\t\t\t\t<div class=\"elementor-element elementor-element-5145dec elementor-widget elementor-widget-heading\" data-id=\"5145dec\" data-element_type=\"widget\" data-widget_type=\"heading.default\">\n\t\t\t\t<div class=\"elementor-widget-container\">\n\t\t\t\t\t<h2 class=\"elementor-heading-title elementor-size-default\">Fleet monitoring<\/h2>\t\t\t\t<\/div>\n\t\t\t\t<\/div>\n\t\t\t\t<div class=\"elementor-element elementor-element-3d391223 elementor-widget__width-initial elementor-widget-tablet__width-initial elementor-widget-mobile__width-inherit elementor-widget elementor-widget-text-editor\" data-id=\"3d391223\" data-element_type=\"widget\" data-widget_type=\"text-editor.default\">\n\t\t\t\t<div class=\"elementor-widget-container\">\n\t\t\t\t\t\t\t\t\t<p><strong>The INS Fleet system is an ideal solution to manage vehicles which are on the road for an extended period of time or which will transit difficult areas.<\/strong><\/p>\t\t\t\t\t\t\t\t<\/div>\n\t\t\t\t<\/div>\n\t\t\t\t<div class=\"elementor-element elementor-element-70b6ad0 cea-btn-align-left elementor-widget elementor-widget-ceabutton\" data-id=\"70b6ad0\" data-element_type=\"widget\" data-widget_type=\"ceabutton.default\">\n\t\t\t\t<div class=\"elementor-widget-container cea-button-wrapper\">\r\n\t\t\t\t\t<div class=\"cea-button-wrapper\">\r\n\t\t\t<a href=\"\/en\/contact\/\" class=\"cea-button-link elementor-button cea-button elementor-size-sm\">\r\n\t\t\t\t\t\t<span class=\"cea-button-content-wrapper\">\r\n\t\t\t\t\t\t<span class=\"cea-button-icon cea-align-icon-\">\r\n\t\t\t\t\t\t\t<\/span>\r\n\t\t\t\t\t\t<span class=\"cea-button-text\">REQUEST AN OFFER<\/span>\r\n\t\t<\/span>\r\n\t\t\t\t\t<\/a>\r\n\t\t<\/div>\r\n\t\t\t\t<\/div>\r\n\t\t\t\t<\/div>\n\t\t\t\t\t<\/div>\n\t\t<\/div>\n\t\t\t\t\t<\/div>\n\t\t<\/section>\n\t\t\t\t\t<\/div>\n\t\t<\/div>\n\t\t\t\t\t<\/div>\n\t\t<\/section>\n\t\t<div class=\"elementor-element elementor-element-1540f22f e-grid e-con-boxed e-con e-parent\" data-id=\"1540f22f\" data-element_type=\"container\">\n\t\t\t\t\t<div class=\"e-con-inner\">\n\t\t\t\t<div class=\"elementor-element elementor-element-7c46a3af cea-align-left cea-mobile-align-center cea-separator-type-normal elementor-widget elementor-widget-ceasectiontitle\" data-id=\"7c46a3af\" data-element_type=\"widget\" data-widget_type=\"ceasectiontitle.default\">\n\t\t\t\t<div class=\"elementor-widget-container\">\n\t\t\t\t\t<div class=\"section-title-wrapper\"><div class=\"title-wrap\"><h3 class=\"section-title\"><span class=\"title-prefix\">Improve your fleet activity with<\/span> Fleet monitoring<\/h3><div class=\"elementor-divider\"><span class=\"elementor-divider-separator\"><\/span><\/div><\/div><!-- .title-wrap --><div class=\"section-description\"><\/div><!-- .section-description --><\/div><!-- .section-title-wrapper -->\t\t\t\t<\/div>\n\t\t\t\t<\/div>\n\t\t\t\t<div class=\"elementor-element elementor-element-5c046db1 elementor-widget elementor-widget-text-editor\" data-id=\"5c046db1\" data-element_type=\"widget\" data-widget_type=\"text-editor.default\">\n\t\t\t\t<div class=\"elementor-widget-container\">\n\t\t\t\t\t\t\t\t\t<p class=\"translation-block\">Fleet monitoring means more than seeing the location of the vehicles and the destination they are heading at. It is a solution to improve your fleet activity on the whole. If you wish to increase your productivity, you can achieve this by optimising the route using updated maps and reminders in real time regarding the traffic on the road.<\/p>\t\t\t\t\t\t\t\t<\/div>\n\t\t\t\t<\/div>\n\t\t\t\t\t<\/div>\n\t\t\t\t<\/div>\n\t\t\t\t<section class=\"elementor-section elementor-top-section elementor-element elementor-element-41f9021c elementor-section-content-middle elementor-section-stretched elementor-section-boxed elementor-section-height-default elementor-section-height-default\" data-id=\"41f9021c\" data-element_type=\"section\" data-settings=\"{&quot;stretch_section&quot;:&quot;section-stretched&quot;,&quot;background_background&quot;:&quot;classic&quot;}\">\n\t\t\t\t\t\t\t<div class=\"elementor-background-overlay\"><\/div>\n\t\t\t\t\t\t\t<div class=\"elementor-container elementor-column-gap-no\">\n\t\t\t\t\t<div class=\"elementor-column elementor-col-100 elementor-top-column elementor-element elementor-element-52de7297\" data-id=\"52de7297\" data-element_type=\"column\">\n\t\t\t<div class=\"elementor-widget-wrap elementor-element-populated\">\n\t\t\t\t\t\t<section class=\"elementor-section elementor-inner-section elementor-element elementor-element-7ae101aa elementor-section-boxed elementor-section-height-default elementor-section-height-default\" data-id=\"7ae101aa\" data-element_type=\"section\" data-settings=\"{&quot;background_background&quot;:&quot;classic&quot;}\">\n\t\t\t\t\t\t<div class=\"elementor-container elementor-column-gap-wide\">\n\t\t\t\t\t<div class=\"elementor-column elementor-col-50 elementor-inner-column elementor-element elementor-element-426c1ce1\" data-id=\"426c1ce1\" data-element_type=\"column\">\n\t\t\t<div class=\"elementor-widget-wrap elementor-element-populated\">\n\t\t\t\t\t\t<div class=\"elementor-element elementor-element-5d026e8c cea-view-default elementor-invisible elementor-widget elementor-widget-ceafeaturebox\" data-id=\"5d026e8c\" data-element_type=\"widget\" data-settings=\"{&quot;_animation&quot;:&quot;fadeInUp&quot;}\" data-widget_type=\"ceafeaturebox.default\">\n\t\t\t\t<div class=\"elementor-widget-container feature-box-wrapper feature-box-default\">\n\t\t\t<div class=\"media\"><div class=\"media-icon-part\"><div class=\"cea-featured-icon\"><i aria-hidden=\"true\" class=\"ti ti-location-pin\"><\/i><\/div><\/div><div class=\"media-body\"><h4 class=\"feature-box-title\"> Current Positions<\/h4><div class=\"fbox-content\">With the help of this function you can see the current position of the vehicle on the map, the recent activities of the vehicle, but also the position of the vehicle at any given time in relation to points of interest or precise addresses. The current position can be sent to an external app through the SafeFleet Portal API.<\/div><\/div><!-- .media-body --><\/div><!-- .media -->\t\t<\/div>\n\t\t\t\t<\/div>\n\t\t\t\t<div class=\"elementor-element elementor-element-75683df elementor-widget elementor-widget-image\" data-id=\"75683df\" data-element_type=\"widget\" data-widget_type=\"image.default\">\n\t\t\t\t<div class=\"elementor-widget-container\">\n\t\t\t\t\t\t\t\t\t\t\t\t\t\t\t\t<a href=\"https:\/\/insfleet.de\/wp-content\/uploads\/2025\/01\/Curent-Position-1.jpg\" data-elementor-open-lightbox=\"yes\" data-elementor-lightbox-title=\"Curent Position\" data-e-action-hash=\"#elementor-action%3Aaction%3Dlightbox%26settings%3DeyJpZCI6NDY1NzQsInVybCI6Imh0dHBzOlwvXC9pbnNmbGVldC5kZVwvd3AtY29udGVudFwvdXBsb2Fkc1wvMjAyNVwvMDFcL0N1cmVudC1Qb3NpdGlvbi0xLmpwZyJ9\">\n\t\t\t\t\t\t\t<img loading=\"lazy\" decoding=\"async\" width=\"1911\" height=\"761\" src=\"https:\/\/insfleet.de\/wp-content\/uploads\/2025\/01\/Curent-Position-1.jpg\" class=\"attachment-full size-full wp-image-46574\" alt=\"\" srcset=\"https:\/\/insfleet.de\/wp-content\/uploads\/2025\/01\/Curent-Position-1.jpg 1911w, https:\/\/insfleet.de\/wp-content\/uploads\/2025\/01\/Curent-Position-1-768x306.jpg 768w, https:\/\/insfleet.de\/wp-content\/uploads\/2025\/01\/Curent-Position-1-1536x612.jpg 1536w, https:\/\/insfleet.de\/wp-content\/uploads\/2025\/01\/Curent-Position-1-18x7.jpg 18w, https:\/\/insfleet.de\/wp-content\/uploads\/2025\/01\/Curent-Position-1-1200x478.jpg 1200w\" sizes=\"auto, (max-width: 1911px) 100vw, 1911px\" \/>\t\t\t\t\t\t\t\t<\/a>\n\t\t\t\t\t\t\t\t\t\t\t\t\t\t\t<\/div>\n\t\t\t\t<\/div>\n\t\t\t\t\t<\/div>\n\t\t<\/div>\n\t\t\t\t<div class=\"elementor-column elementor-col-50 elementor-inner-column elementor-element elementor-element-7719b854\" data-id=\"7719b854\" data-element_type=\"column\">\n\t\t\t<div class=\"elementor-widget-wrap elementor-element-populated\">\n\t\t\t\t\t\t<div class=\"elementor-element elementor-element-157aa950 cea-view-default elementor-invisible elementor-widget elementor-widget-ceafeaturebox\" data-id=\"157aa950\" data-element_type=\"widget\" data-settings=\"{&quot;_animation&quot;:&quot;fadeInUp&quot;}\" data-widget_type=\"ceafeaturebox.default\">\n\t\t\t\t<div class=\"elementor-widget-container feature-box-wrapper feature-box-default\">\n\t\t\t<div class=\"media\"><div class=\"media-icon-part\"><div class=\"cea-featured-icon\"><i aria-hidden=\"true\" class=\"bi-eye\"><\/i><\/div><\/div><div class=\"media-body\"><h4 class=\"feature-box-title\">Watching the vehicles<\/h4><div class=\"fbox-content\">Viewing the position of the vehicles in real time is available only when the engine is on. The position on the map is updated every 10-20 seconds with the vehicle watching function. This function is extremely useful for internal and international transport companies, which can send to their customers the position of the vehicle and the arrival time.<\/div><\/div><!-- .media-body --><\/div><!-- .media -->\t\t<\/div>\n\t\t\t\t<\/div>\n\t\t\t\t<div class=\"elementor-element elementor-element-1f2a528 elementor-widget elementor-widget-image\" data-id=\"1f2a528\" data-element_type=\"widget\" data-widget_type=\"image.default\">\n\t\t\t\t<div class=\"elementor-widget-container\">\n\t\t\t\t\t\t\t\t\t\t\t\t\t\t\t\t<a href=\"https:\/\/insfleet.de\/wp-content\/uploads\/2025\/01\/Track.jpg\" data-elementor-open-lightbox=\"yes\" data-elementor-lightbox-title=\"Track\" data-e-action-hash=\"#elementor-action%3Aaction%3Dlightbox%26settings%3DeyJpZCI6NDY1NzksInVybCI6Imh0dHBzOlwvXC9pbnNmbGVldC5kZVwvd3AtY29udGVudFwvdXBsb2Fkc1wvMjAyNVwvMDFcL1RyYWNrLmpwZyJ9\">\n\t\t\t\t\t\t\t<img loading=\"lazy\" decoding=\"async\" width=\"1913\" height=\"723\" src=\"https:\/\/insfleet.de\/wp-content\/uploads\/2025\/01\/Track.jpg\" class=\"attachment-full size-full wp-image-46579\" alt=\"\" srcset=\"https:\/\/insfleet.de\/wp-content\/uploads\/2025\/01\/Track.jpg 1913w, https:\/\/insfleet.de\/wp-content\/uploads\/2025\/01\/Track-768x290.jpg 768w, https:\/\/insfleet.de\/wp-content\/uploads\/2025\/01\/Track-1536x581.jpg 1536w, https:\/\/insfleet.de\/wp-content\/uploads\/2025\/01\/Track-18x7.jpg 18w, https:\/\/insfleet.de\/wp-content\/uploads\/2025\/01\/Track-1200x454.jpg 1200w\" sizes=\"auto, (max-width: 1913px) 100vw, 1913px\" \/>\t\t\t\t\t\t\t\t<\/a>\n\t\t\t\t\t\t\t\t\t\t\t\t\t\t\t<\/div>\n\t\t\t\t<\/div>\n\t\t\t\t\t<\/div>\n\t\t<\/div>\n\t\t\t\t\t<\/div>\n\t\t<\/section>\n\t\t\t\t<section class=\"elementor-section elementor-inner-section elementor-element elementor-element-5bd2da57 elementor-section-boxed elementor-section-height-default elementor-section-height-default\" data-id=\"5bd2da57\" data-element_type=\"section\" data-settings=\"{&quot;background_background&quot;:&quot;classic&quot;}\">\n\t\t\t\t\t\t<div class=\"elementor-container elementor-column-gap-wide\">\n\t\t\t\t\t<div class=\"elementor-column elementor-col-50 elementor-inner-column elementor-element elementor-element-33a81285\" data-id=\"33a81285\" data-element_type=\"column\">\n\t\t\t<div class=\"elementor-widget-wrap elementor-element-populated\">\n\t\t\t\t\t\t<div class=\"elementor-element elementor-element-5107970d cea-view-default elementor-invisible elementor-widget elementor-widget-ceafeaturebox\" data-id=\"5107970d\" data-element_type=\"widget\" data-settings=\"{&quot;_animation&quot;:&quot;fadeInUp&quot;}\" data-widget_type=\"ceafeaturebox.default\">\n\t\t\t\t<div class=\"elementor-widget-container feature-box-wrapper feature-box-default\">\n\t\t\t<div class=\"media\"><div class=\"media-icon-part\"><div class=\"cea-featured-icon\"><i aria-hidden=\"true\" class=\"ti ti-map-alt\"><\/i><\/div><\/div><div class=\"media-body\"><h4 class=\"feature-box-title\">Licensed Google Maps<\/h4><div class=\"fbox-content\">Using the INS Fleet Portal maps allows you to track and coordinate the entire fleet, but also to reply more quickly and efficiently to the drivers\u2019 needs and to the customers\u2019 needs.<br>\nINS Fleet offers both OpenStreet Maps, which include details like house numbers and licensed Google Maps, GoogleMaps Satellite and GoogleMaps Physical. With the help of these updated maps you can find and recommend the optimum routes for maximum of efficiency.<\/div><\/div><!-- .media-body --><\/div><!-- .media -->\t\t<\/div>\n\t\t\t\t<\/div>\n\t\t\t\t<div class=\"elementor-element elementor-element-85fc291 elementor-widget elementor-widget-image\" data-id=\"85fc291\" data-element_type=\"widget\" data-widget_type=\"image.default\">\n\t\t\t\t<div class=\"elementor-widget-container\">\n\t\t\t\t\t\t\t\t\t\t\t\t\t\t\t\t<a href=\"https:\/\/insfleet.de\/wp-content\/uploads\/2025\/01\/Trafic-Updates-1.jpg\" data-elementor-open-lightbox=\"yes\" data-elementor-lightbox-title=\"Trafic Updates\" data-e-action-hash=\"#elementor-action%3Aaction%3Dlightbox%26settings%3DeyJpZCI6NDY1NzgsInVybCI6Imh0dHBzOlwvXC9pbnNmbGVldC5kZVwvd3AtY29udGVudFwvdXBsb2Fkc1wvMjAyNVwvMDFcL1RyYWZpYy1VcGRhdGVzLTEuanBnIn0%3D\">\n\t\t\t\t\t\t\t<img loading=\"lazy\" decoding=\"async\" width=\"1914\" height=\"761\" src=\"https:\/\/insfleet.de\/wp-content\/uploads\/2025\/01\/Trafic-Updates-1.jpg\" class=\"attachment-full size-full wp-image-46578\" alt=\"\" srcset=\"https:\/\/insfleet.de\/wp-content\/uploads\/2025\/01\/Trafic-Updates-1.jpg 1914w, https:\/\/insfleet.de\/wp-content\/uploads\/2025\/01\/Trafic-Updates-1-768x305.jpg 768w, https:\/\/insfleet.de\/wp-content\/uploads\/2025\/01\/Trafic-Updates-1-1536x611.jpg 1536w, https:\/\/insfleet.de\/wp-content\/uploads\/2025\/01\/Trafic-Updates-1-18x7.jpg 18w, https:\/\/insfleet.de\/wp-content\/uploads\/2025\/01\/Trafic-Updates-1-1200x477.jpg 1200w\" sizes=\"auto, (max-width: 1914px) 100vw, 1914px\" \/>\t\t\t\t\t\t\t\t<\/a>\n\t\t\t\t\t\t\t\t\t\t\t\t\t\t\t<\/div>\n\t\t\t\t<\/div>\n\t\t\t\t\t<\/div>\n\t\t<\/div>\n\t\t\t\t<div class=\"elementor-column elementor-col-50 elementor-inner-column elementor-element elementor-element-80bf1c\" data-id=\"80bf1c\" data-element_type=\"column\">\n\t\t\t<div class=\"elementor-widget-wrap elementor-element-populated\">\n\t\t\t\t\t\t<div class=\"elementor-element elementor-element-4406767d cea-view-default elementor-invisible elementor-widget elementor-widget-ceafeaturebox\" data-id=\"4406767d\" data-element_type=\"widget\" data-settings=\"{&quot;_animation&quot;:&quot;fadeInUp&quot;}\" data-widget_type=\"ceafeaturebox.default\">\n\t\t\t\t<div class=\"elementor-widget-container feature-box-wrapper feature-box-default\">\n\t\t\t<div class=\"media\"><div class=\"media-icon-part\"><div class=\"cea-featured-icon\"><i aria-hidden=\"true\" class=\"ti ti-cloud-down\"><\/i><\/div><\/div><div class=\"media-body\"><h4 class=\"feature-box-title\">Traffic Updates<\/h4><div class=\"fbox-content\">Beyond the optimized routes and the watching of vehicles, Google Maps updates related to traffic help you avoid traffic jams, congested areas or areas where vehicles move with difficulty. In this way, you can make fleet management decisions without wasting time and without affecting the company\u2019s activity.<\/div><\/div><!-- .media-body --><\/div><!-- .media -->\t\t<\/div>\n\t\t\t\t<\/div>\n\t\t\t\t<div class=\"elementor-element elementor-element-2d4ea0c elementor-widget elementor-widget-image\" data-id=\"2d4ea0c\" data-element_type=\"widget\" data-widget_type=\"image.default\">\n\t\t\t\t<div class=\"elementor-widget-container\">\n\t\t\t\t\t\t\t\t\t\t\t\t\t\t\t\t<a href=\"https:\/\/insfleet.de\/wp-content\/uploads\/2025\/01\/Trafic-Updates-1.jpg\" data-elementor-open-lightbox=\"yes\" data-elementor-lightbox-title=\"Trafic Updates\" data-e-action-hash=\"#elementor-action%3Aaction%3Dlightbox%26settings%3DeyJpZCI6NDY1NzgsInVybCI6Imh0dHBzOlwvXC9pbnNmbGVldC5kZVwvd3AtY29udGVudFwvdXBsb2Fkc1wvMjAyNVwvMDFcL1RyYWZpYy1VcGRhdGVzLTEuanBnIn0%3D\">\n\t\t\t\t\t\t\t<img loading=\"lazy\" decoding=\"async\" width=\"1914\" height=\"761\" src=\"https:\/\/insfleet.de\/wp-content\/uploads\/2025\/01\/Trafic-Updates-1.jpg\" class=\"attachment-full size-full wp-image-46578\" alt=\"\" srcset=\"https:\/\/insfleet.de\/wp-content\/uploads\/2025\/01\/Trafic-Updates-1.jpg 1914w, https:\/\/insfleet.de\/wp-content\/uploads\/2025\/01\/Trafic-Updates-1-768x305.jpg 768w, https:\/\/insfleet.de\/wp-content\/uploads\/2025\/01\/Trafic-Updates-1-1536x611.jpg 1536w, https:\/\/insfleet.de\/wp-content\/uploads\/2025\/01\/Trafic-Updates-1-18x7.jpg 18w, https:\/\/insfleet.de\/wp-content\/uploads\/2025\/01\/Trafic-Updates-1-1200x477.jpg 1200w\" sizes=\"auto, (max-width: 1914px) 100vw, 1914px\" \/>\t\t\t\t\t\t\t\t<\/a>\n\t\t\t\t\t\t\t\t\t\t\t\t\t\t\t<\/div>\n\t\t\t\t<\/div>\n\t\t\t\t\t<\/div>\n\t\t<\/div>\n\t\t\t\t\t<\/div>\n\t\t<\/section>\n\t\t\t\t\t<\/div>\n\t\t<\/div>\n\t\t\t\t\t<\/div>\n\t\t<\/section>\n\t\t\t\t<section class=\"elementor-section elementor-top-section elementor-element elementor-element-62862ad1 elementor-section-content-middle elementor-section-stretched elementor-section-boxed elementor-section-height-default elementor-section-height-default\" data-id=\"62862ad1\" data-element_type=\"section\" data-settings=\"{&quot;stretch_section&quot;:&quot;section-stretched&quot;}\">\n\t\t\t\t\t\t\t<div class=\"elementor-background-overlay\"><\/div>\n\t\t\t\t\t\t\t<div class=\"elementor-container elementor-column-gap-no\">\n\t\t\t\t\t<div class=\"elementor-column elementor-col-100 elementor-top-column elementor-element elementor-element-62b448bc\" data-id=\"62b448bc\" data-element_type=\"column\">\n\t\t\t<div class=\"elementor-widget-wrap elementor-element-populated\">\n\t\t\t\t\t\t<div class=\"elementor-element elementor-element-754563dc cea-btn-align-center elementor-widget elementor-widget-ceabutton\" data-id=\"754563dc\" data-element_type=\"widget\" data-widget_type=\"ceabutton.default\">\n\t\t\t\t<div class=\"elementor-widget-container cea-button-wrapper\">\r\n\t\t\t\t\t<div class=\"cea-button-wrapper\">\r\n\t\t\t<a href=\"\/en\/contact\/\" class=\"cea-button-link elementor-button cea-button elementor-size-xl\">\r\n\t\t\t\t\t\t<span class=\"cea-button-content-wrapper\">\r\n\t\t\t\t\t\t<span class=\"cea-button-icon cea-align-icon-\">\r\n\t\t\t\t\t\t\t<\/span>\r\n\t\t\t\t\t\t<span class=\"cea-button-text\">REQUEST AN OFFER<\/span>\r\n\t\t<\/span>\r\n\t\t\t\t\t<\/a>\r\n\t\t<\/div>\r\n\t\t\t\t<\/div>\r\n\t\t\t\t<\/div>\n\t\t\t\t\t<\/div>\n\t\t<\/div>\n\t\t\t\t\t<\/div>\n\t\t<\/section>\n\t\t\t\t<\/div>","protected":false},"excerpt":{"rendered":"<p>Fuhrpark\u00fcberwachung Das INS Fleet-System ist die ideale L\u00f6sung zur Verwaltung von Fahrzeugen, die \u00fcber l\u00e4ngere Zeit unterwegs sind oder schwierige Gebiete durchqueren. ANGEBOT ANFORDERN Optimieren Sie Ihre..<\/p>","protected":false},"author":3,"featured_media":0,"parent":0,"menu_order":0,"comment_status":"closed","ping_status":"closed","template":"","meta":{"nf_dc_page":"","footnotes":""},"class_list":["post-44249","page","type-page","status-publish","hentry"],"_links":{"self":[{"href":"https:\/\/insfleet.de\/en\/wp-json\/wp\/v2\/pages\/44249","targetHints":{"allow":["GET"]}}],"collection":[{"href":"https:\/\/insfleet.de\/en\/wp-json\/wp\/v2\/pages"}],"about":[{"href":"https:\/\/insfleet.de\/en\/wp-json\/wp\/v2\/types\/page"}],"author":[{"embeddable":true,"href":"https:\/\/insfleet.de\/en\/wp-json\/wp\/v2\/users\/3"}],"replies":[{"embeddable":true,"href":"https:\/\/insfleet.de\/en\/wp-json\/wp\/v2\/comments?post=44249"}],"version-history":[{"count":113,"href":"https:\/\/insfleet.de\/en\/wp-json\/wp\/v2\/pages\/44249\/revisions"}],"predecessor-version":[{"id":47004,"href":"https:\/\/insfleet.de\/en\/wp-json\/wp\/v2\/pages\/44249\/revisions\/47004"}],"wp:attachment":[{"href":"https:\/\/insfleet.de\/en\/wp-json\/wp\/v2\/media?parent=44249"}],"curies":[{"name":"wp","href":"https:\/\/api.w.org\/{rel}","templated":true}]}}