{"id":43990,"date":"2024-07-22T06:34:00","date_gmt":"2024-07-22T06:34:00","guid":{"rendered":"https:\/\/wordpress.zozothemes.com\/tranzkart\/?page_id=43990"},"modified":"2025-02-11T12:53:38","modified_gmt":"2025-02-11T12:53:38","slug":"about-us","status":"publish","type":"page","link":"https:\/\/insfleet.de\/en\/about-us\/","title":{"rendered":"About Us"},"content":{"rendered":"<div data-elementor-type=\"wp-page\" data-elementor-id=\"43990\" class=\"elementor elementor-43990\" data-elementor-post-type=\"page\">\n\t\t\t\t\t\t<section class=\"elementor-section elementor-top-section elementor-element elementor-element-2a7b92b2 elementor-section-content-middle elementor-section-stretched elementor-section-boxed elementor-section-height-default elementor-section-height-default\" data-id=\"2a7b92b2\" data-element_type=\"section\" data-settings=\"{&quot;stretch_section&quot;:&quot;section-stretched&quot;,&quot;background_background&quot;:&quot;classic&quot;}\">\n\t\t\t\t\t\t\t<div class=\"elementor-background-overlay\"><\/div>\n\t\t\t\t\t\t\t<div class=\"elementor-container elementor-column-gap-default\">\n\t\t\t\t\t<div class=\"elementor-column elementor-col-100 elementor-top-column elementor-element elementor-element-5c34f256\" data-id=\"5c34f256\" data-element_type=\"column\">\n\t\t\t<div class=\"elementor-widget-wrap elementor-element-populated\">\n\t\t\t\t\t\t<section class=\"elementor-section elementor-inner-section elementor-element elementor-element-4e64dcf3 elementor-section-boxed elementor-section-height-default elementor-section-height-default\" data-id=\"4e64dcf3\" data-element_type=\"section\" data-settings=\"{&quot;background_background&quot;:&quot;classic&quot;}\">\n\t\t\t\t\t\t<div class=\"elementor-container elementor-column-gap-wide\">\n\t\t\t\t\t<div class=\"elementor-column elementor-col-100 elementor-inner-column elementor-element elementor-element-1016f3c2\" data-id=\"1016f3c2\" data-element_type=\"column\">\n\t\t\t<div class=\"elementor-widget-wrap elementor-element-populated\">\n\t\t\t\t\t\t<div class=\"elementor-element elementor-element-297a6df6 elementor-widget elementor-widget-heading\" data-id=\"297a6df6\" data-element_type=\"widget\" data-widget_type=\"heading.default\">\n\t\t\t\t<div class=\"elementor-widget-container\">\n\t\t\t\t\t<h2 class=\"elementor-heading-title elementor-size-default\">About Us<\/h2>\t\t\t\t<\/div>\n\t\t\t\t<\/div>\n\t\t\t\t<div class=\"elementor-element elementor-element-a70573f elementor-widget__width-initial elementor-widget-mobile__width-initial elementor-widget elementor-widget-text-editor\" data-id=\"a70573f\" data-element_type=\"widget\" data-widget_type=\"text-editor.default\">\n\t\t\t\t<div class=\"elementor-widget-container\">\n\t\t\t\t\t\t\t\t\t<p style=\"text-align: left;\"><strong>INS Fleet<\/strong> offers fully customizable packages, so whether you\u2019re after essential GPS tracking or advanced safety and compliance features, we\u2019ve got you covered.<\/p><p style=\"text-align: left;\"><strong>Ready to transform your fleet management?<\/strong> Discover the INS Fleet advantage and take the next step toward a more efficient, cost-effective fleet.<\/p>\t\t\t\t\t\t\t\t<\/div>\n\t\t\t\t<\/div>\n\t\t\t\t<div class=\"elementor-element elementor-element-56796b1e cea-btn-align-left elementor-widget elementor-widget-ceabutton\" data-id=\"56796b1e\" data-element_type=\"widget\" data-widget_type=\"ceabutton.default\">\n\t\t\t\t<div class=\"elementor-widget-container cea-button-wrapper\">\r\n\t\t\t\t\t<div class=\"cea-button-wrapper\">\r\n\t\t\t<a href=\"\/en\/contact\/\" class=\"cea-button-link elementor-button cea-button elementor-size-sm\">\r\n\t\t\t\t\t\t<span class=\"cea-button-content-wrapper\">\r\n\t\t\t\t\t\t<span class=\"cea-button-icon cea-align-icon-\">\r\n\t\t\t\t\t\t\t<\/span>\r\n\t\t\t\t\t\t<span class=\"cea-button-text\">REQUEST AN OFFER <\/span>\r\n\t\t<\/span>\r\n\t\t\t\t\t<\/a>\r\n\t\t<\/div>\r\n\t\t\t\t<\/div>\r\n\t\t\t\t<\/div>\n\t\t\t\t\t<\/div>\n\t\t<\/div>\n\t\t\t\t\t<\/div>\n\t\t<\/section>\n\t\t\t\t\t<\/div>\n\t\t<\/div>\n\t\t\t\t\t<\/div>\n\t\t<\/section>\n\t\t<div class=\"elementor-element elementor-element-798cbf41 e-grid e-con-boxed e-con e-parent\" data-id=\"798cbf41\" data-element_type=\"container\">\n\t\t\t\t\t<div class=\"e-con-inner\">\n\t\t\t\t<div class=\"elementor-element elementor-element-3ede09cb cea-align-left cea-mobile-align-center cea-separator-type-normal elementor-widget elementor-widget-ceasectiontitle\" data-id=\"3ede09cb\" data-element_type=\"widget\" data-widget_type=\"ceasectiontitle.default\">\n\t\t\t\t<div class=\"elementor-widget-container\">\n\t\t\t\t\t<div class=\"section-title-wrapper\"><div class=\"title-wrap\"><h3 class=\"section-title\"><span class=\"title-prefix\">What<\/span> sets us <span class=\"title-suffix\">apart?<\/span><\/h3><div class=\"elementor-divider\"><span class=\"elementor-divider-separator\"><\/span><\/div><\/div><!-- .title-wrap --><div class=\"section-description\"><\/div><!-- .section-description --><\/div><!-- .section-title-wrapper -->\t\t\t\t<\/div>\n\t\t\t\t<\/div>\n\t\t\t\t<div class=\"elementor-element elementor-element-c378abd elementor-widget elementor-widget-text-editor\" data-id=\"c378abd\" data-element_type=\"widget\" data-widget_type=\"text-editor.default\">\n\t\t\t\t<div class=\"elementor-widget-container\">\n\t\t\t\t\t\t\t\t\t<p class=\"translation-block\">At <strong>INS Fleet<\/strong>, we specialize in delivering<strong> more efficient fleet management solutions tailored to your business's specific needs<\/strong>. As a proud subsidiary of the INS Group, a global leader in technological innovation, we combine advanced technology and expert knowledge to optimize every aspect of your fleet operations.<\/p>\t\t\t\t\t\t\t\t<\/div>\n\t\t\t\t<\/div>\n\t\t\t\t\t<\/div>\n\t\t\t\t<\/div>\n\t\t<div class=\"elementor-element elementor-element-cd273f1 e-grid e-con-boxed e-con e-parent\" data-id=\"cd273f1\" data-element_type=\"container\">\n\t\t\t\t\t<div class=\"e-con-inner\">\n\t\t\t\t<div class=\"elementor-element elementor-element-25f7624 cea-align-left cea-mobile-align-center cea-separator-type-normal elementor-widget elementor-widget-ceasectiontitle\" data-id=\"25f7624\" data-element_type=\"widget\" data-widget_type=\"ceasectiontitle.default\">\n\t\t\t\t<div class=\"elementor-widget-container\">\n\t\t\t\t\t<div class=\"section-title-wrapper\"><div class=\"title-wrap\"><h3 class=\"section-title\"><span class=\"title-prefix\">Powered by Expertise<\/span> and <span class=\"title-suffix\">Global Partnerships<\/span><\/h3><div class=\"elementor-divider\"><span class=\"elementor-divider-separator\"><\/span><\/div><\/div><!-- .title-wrap --><div class=\"section-description\"><\/div><!-- .section-description --><\/div><!-- .section-title-wrapper -->\t\t\t\t<\/div>\n\t\t\t\t<\/div>\n\t\t\t\t<div class=\"elementor-element elementor-element-8d1cb4c elementor-widget elementor-widget-text-editor\" data-id=\"8d1cb4c\" data-element_type=\"widget\" data-widget_type=\"text-editor.default\">\n\t\t\t\t<div class=\"elementor-widget-container\">\n\t\t\t\t\t\t\t\t\t<p class=\"translation-block\">INS Fleet operates with <strong>the support of SafeFleet<\/strong>, a global leader in telematics and fleet management technology. This partnership allows us to offer the strength of a worldwide network while maintaining the flexibility and customization your business requires. Our offerings range from essential GPS tracking to advanced safety, compliance, and analytics tools, ensuring your fleet achieves peak efficiency and cost-effectiveness.<\/p><p class=\"translation-block\">The <strong>INS Group has established itself as a trusted partner<\/strong> for renowned organizations such as <strong>ADNOC \u2013 Abu Dhabi National Oil Compay, Telecom Regulatory Agency of Kingdom of Bahrain, UNDP,  and other 350+ clients worldwide. <\/strong>This experience demonstrates our ability to deliver innovative, impactful solutions that drive industry success. To learn more about INS Group\u2019s innovative solutions, visit <a href=\"https:\/\/www.ins.com.mk\" target=\"_blank\">www.ins.com.mk<\/a><\/p>\t\t\t\t\t\t\t\t<\/div>\n\t\t\t\t<\/div>\n\t\t\t\t\t<\/div>\n\t\t\t\t<\/div>\n\t\t\t\t<section class=\"elementor-section elementor-top-section elementor-element elementor-element-5dbf93e9 elementor-section-content-middle elementor-section-stretched elementor-section-boxed elementor-section-height-default elementor-section-height-default\" data-id=\"5dbf93e9\" data-element_type=\"section\" data-settings=\"{&quot;stretch_section&quot;:&quot;section-stretched&quot;,&quot;background_background&quot;:&quot;classic&quot;}\">\n\t\t\t\t\t\t\t<div class=\"elementor-background-overlay\"><\/div>\n\t\t\t\t\t\t\t<div class=\"elementor-container elementor-column-gap-no\">\n\t\t\t\t\t<div class=\"elementor-column elementor-col-100 elementor-top-column elementor-element elementor-element-455a0ac7\" data-id=\"455a0ac7\" data-element_type=\"column\">\n\t\t\t<div class=\"elementor-widget-wrap elementor-element-populated\">\n\t\t\t\t\t\t<section class=\"elementor-section elementor-inner-section elementor-element elementor-element-56e33e35 elementor-section-boxed elementor-section-height-default elementor-section-height-default\" data-id=\"56e33e35\" data-element_type=\"section\" data-settings=\"{&quot;background_background&quot;:&quot;classic&quot;}\">\n\t\t\t\t\t\t<div class=\"elementor-container elementor-column-gap-wide\">\n\t\t\t\t\t<div class=\"elementor-column elementor-col-50 elementor-inner-column elementor-element elementor-element-1d2d5758\" data-id=\"1d2d5758\" data-element_type=\"column\">\n\t\t\t<div class=\"elementor-widget-wrap elementor-element-populated\">\n\t\t\t\t\t\t<div class=\"elementor-element elementor-element-5cf4da85 cea-view-default elementor-invisible elementor-widget elementor-widget-ceafeaturebox\" data-id=\"5cf4da85\" data-element_type=\"widget\" data-settings=\"{&quot;_animation&quot;:&quot;fadeInUp&quot;}\" data-widget_type=\"ceafeaturebox.default\">\n\t\t\t\t<div class=\"elementor-widget-container feature-box-wrapper feature-box-default\">\n\t\t\t<div class=\"media\"><div class=\"media-icon-part\"><\/div><div class=\"media-body\"><h4 class=\"feature-box-title\">Committed to Innovation and Excellence<\/h4><div class=\"fbox-content\">With a dedicated team of over<strong> 80 professionals<\/strong>, INS Fleet continuously invests in research and development to provide cutting-edge solutions. Our commitment to innovation ensures that we deliver measurable results, helping businesses reduce costs, enhance fleet performance, and achieve operational goals.<\/div><\/div><!-- .media-body --><\/div><!-- .media -->\t\t<\/div>\n\t\t\t\t<\/div>\n\t\t\t\t\t<\/div>\n\t\t<\/div>\n\t\t\t\t<div class=\"elementor-column elementor-col-50 elementor-inner-column elementor-element elementor-element-28d58186\" data-id=\"28d58186\" data-element_type=\"column\">\n\t\t\t<div class=\"elementor-widget-wrap elementor-element-populated\">\n\t\t\t\t\t\t<div class=\"elementor-element elementor-element-62858fa cea-view-default elementor-invisible elementor-widget elementor-widget-ceafeaturebox\" data-id=\"62858fa\" data-element_type=\"widget\" data-settings=\"{&quot;_animation&quot;:&quot;fadeInUp&quot;}\" data-widget_type=\"ceafeaturebox.default\">\n\t\t\t\t<div class=\"elementor-widget-container feature-box-wrapper feature-box-default\">\n\t\t\t<div class=\"media\"><div class=\"media-icon-part\"><\/div><div class=\"media-body\"><h4 class=\"feature-box-title\">Trusted Worldwide<\/h4><div class=\"fbox-content\">As part of the INS Group, we bring a legacy of innovation in digital transformation and technological excellence. Businesses across <strong>Europe, the Middle East, and Australia<\/strong> trust our solutions, which are supported by a worldwide network of partners committed to delivering unparalleled value and support.<\/div><\/div><!-- .media-body --><\/div><!-- .media -->\t\t<\/div>\n\t\t\t\t<\/div>\n\t\t\t\t\t<\/div>\n\t\t<\/div>\n\t\t\t\t\t<\/div>\n\t\t<\/section>\n\t\t\t\t<section class=\"elementor-section elementor-inner-section elementor-element elementor-element-44f3d61c elementor-section-boxed elementor-section-height-default elementor-section-height-default\" data-id=\"44f3d61c\" data-element_type=\"section\" data-settings=\"{&quot;background_background&quot;:&quot;classic&quot;}\">\n\t\t\t\t\t\t<div class=\"elementor-container elementor-column-gap-wide\">\n\t\t\t\t\t<div class=\"elementor-column elementor-col-100 elementor-inner-column elementor-element elementor-element-6bd956a3\" data-id=\"6bd956a3\" data-element_type=\"column\">\n\t\t\t<div class=\"elementor-widget-wrap elementor-element-populated\">\n\t\t\t\t\t\t<div class=\"elementor-element elementor-element-655874d8 cea-view-default elementor-invisible elementor-widget elementor-widget-ceafeaturebox\" data-id=\"655874d8\" data-element_type=\"widget\" data-settings=\"{&quot;_animation&quot;:&quot;fadeInUp&quot;}\" data-widget_type=\"ceafeaturebox.default\">\n\t\t\t\t<div class=\"elementor-widget-container feature-box-wrapper feature-box-default\">\n\t\t\t<div class=\"media\"><div class=\"media-icon-part\"><\/div><div class=\"media-body\"><h4 class=\"feature-box-title\">Discover the INS Fleet Advantage<\/h4><div class=\"fbox-content\">At INS Fleet, we\u2019re more than just a fleet management provider\u2014we\u2019re your partner in achieving operational excellence. Reduce costs, streamline operations, and unlock your fleet\u2019s full potential with our tailored solutions.<\/div><\/div><!-- .media-body --><\/div><!-- .media -->\t\t<\/div>\n\t\t\t\t<\/div>\n\t\t\t\t\t<\/div>\n\t\t<\/div>\n\t\t\t\t\t<\/div>\n\t\t<\/section>\n\t\t\t\t\t<\/div>\n\t\t<\/div>\n\t\t\t\t\t<\/div>\n\t\t<\/section>\n\t\t\t\t<section class=\"elementor-section elementor-top-section elementor-element elementor-element-2e6e277a elementor-section-content-middle elementor-section-stretched elementor-section-boxed elementor-section-height-default elementor-section-height-default\" data-id=\"2e6e277a\" data-element_type=\"section\" data-settings=\"{&quot;stretch_section&quot;:&quot;section-stretched&quot;,&quot;background_background&quot;:&quot;classic&quot;}\">\n\t\t\t\t\t\t\t<div class=\"elementor-background-overlay\"><\/div>\n\t\t\t\t\t\t\t<div class=\"elementor-container elementor-column-gap-no\">\n\t\t\t\t\t<div class=\"elementor-column elementor-col-100 elementor-top-column elementor-element elementor-element-30a7b67e\" data-id=\"30a7b67e\" data-element_type=\"column\">\n\t\t\t<div class=\"elementor-widget-wrap elementor-element-populated\">\n\t\t\t\t\t\t<div class=\"elementor-element elementor-element-ab262df cea-mobile-align-center cea-align-center elementor-widget elementor-widget-ceasectiontitle\" data-id=\"ab262df\" data-element_type=\"widget\" data-widget_type=\"ceasectiontitle.default\">\n\t\t\t\t<div class=\"elementor-widget-container\">\n\t\t\t\t\t<div class=\"section-title-wrapper\"><div class=\"title-wrap\"><h4 class=\"section-title\"><span class=\"title-prefix\"> Request an offer today and see how our tailored solutions can make your fleet management smarter, safer, and more cost-efficient!<\/span> <\/h4><\/div><!-- .title-wrap --><div class=\"section-description\"><\/div><!-- .section-description --><\/div><!-- .section-title-wrapper -->\t\t\t\t<\/div>\n\t\t\t\t<\/div>\n\t\t\t\t<div class=\"elementor-element elementor-element-57d70556 cea-btn-align-center elementor-widget elementor-widget-ceabutton\" data-id=\"57d70556\" data-element_type=\"widget\" data-widget_type=\"ceabutton.default\">\n\t\t\t\t<div class=\"elementor-widget-container cea-button-wrapper\">\r\n\t\t\t\t\t<div class=\"cea-button-wrapper\">\r\n\t\t\t<a href=\"\/en\/contact\/\" class=\"cea-button-link elementor-button cea-button elementor-size-xl\">\r\n\t\t\t\t\t\t<span class=\"cea-button-content-wrapper\">\r\n\t\t\t\t\t\t<span class=\"cea-button-icon cea-align-icon-\">\r\n\t\t\t\t\t\t\t<\/span>\r\n\t\t\t\t\t\t<span class=\"cea-button-text\">REQUEST AN OFFER <\/span>\r\n\t\t<\/span>\r\n\t\t\t\t\t<\/a>\r\n\t\t<\/div>\r\n\t\t\t\t<\/div>\r\n\t\t\t\t<\/div>\n\t\t\t\t\t<\/div>\n\t\t<\/div>\n\t\t\t\t\t<\/div>\n\t\t<\/section>\n\t\t\t\t<\/div>","protected":false},"excerpt":{"rendered":"<p>\u00dcber uns INS Fleet bietet vollst\u00e4ndig anpassbare Pakete \u2013 egal ob Sie eine grundlegende GPS-\u00dcberwachung oder erweiterte Sicherheits- und Compliance-Funktionen ben\u00f6tigen, wir haben die passende L\u00f6sung f\u00fcr..<\/p>","protected":false},"author":1,"featured_media":0,"parent":0,"menu_order":0,"comment_status":"closed","ping_status":"closed","template":"","meta":{"nf_dc_page":"","footnotes":""},"class_list":["post-43990","page","type-page","status-publish","hentry"],"_links":{"self":[{"href":"https:\/\/insfleet.de\/en\/wp-json\/wp\/v2\/pages\/43990","targetHints":{"allow":["GET"]}}],"collection":[{"href":"https:\/\/insfleet.de\/en\/wp-json\/wp\/v2\/pages"}],"about":[{"href":"https:\/\/insfleet.de\/en\/wp-json\/wp\/v2\/types\/page"}],"author":[{"embeddable":true,"href":"https:\/\/insfleet.de\/en\/wp-json\/wp\/v2\/users\/1"}],"replies":[{"embeddable":true,"href":"https:\/\/insfleet.de\/en\/wp-json\/wp\/v2\/comments?post=43990"}],"version-history":[{"count":49,"href":"https:\/\/insfleet.de\/en\/wp-json\/wp\/v2\/pages\/43990\/revisions"}],"predecessor-version":[{"id":47013,"href":"https:\/\/insfleet.de\/en\/wp-json\/wp\/v2\/pages\/43990\/revisions\/47013"}],"wp:attachment":[{"href":"https:\/\/insfleet.de\/en\/wp-json\/wp\/v2\/media?parent=43990"}],"curies":[{"name":"wp","href":"https:\/\/api.w.org\/{rel}","templated":true}]}}